{"id":1688,"date":"2020-04-10T17:41:48","date_gmt":"2020-04-10T15:41:48","guid":{"rendered":"https:\/\/excelsior.m7alphadesignstudios.com\/home\/"},"modified":"2025-07-21T10:41:52","modified_gmt":"2025-07-21T08:41:52","slug":"home","status":"publish","type":"page","link":"https:\/\/excelsior.com.mt\/it\/","title":{"rendered":"Home"},"content":{"rendered":"<div id='av_section_1'  class='avia-section av-1j9dt-767f1b694fade947d14d8f9d97d76738 main_color avia-section-default avia-no-border-styling  avia-builder-el-0  el_before_av_section  avia-builder-el-first  home_header_cont av-desktop-hide av-medium-hide av-small-hide av-mini-hide avia-bg-style-scroll container_wrap fullsize'  ><div class='container av-section-cont-open' ><main  role=\"main\" itemprop=\"mainContentOfPage\"  class='template-page content  av-content-full alpha units'><div class='post-entry post-entry-type-page post-entry-1688'><div class='entry-content-wrapper clearfix'>\n\n<style type=\"text\/css\" data-created_by=\"avia_inline_auto\" id=\"style-css-av-uuwt-7a5be8c5dd23929660cb87be6e5495fc\">\n.flex_column.av-uuwt-7a5be8c5dd23929660cb87be6e5495fc{\n-webkit-border-radius:0px 0px 0px 0px;\n-moz-border-radius:0px 0px 0px 0px;\nborder-radius:0px 0px 0px 0px;\npadding:0px 0px 0px 0px;\n}\n<\/style>\n<div class='flex_column av-uuwt-7a5be8c5dd23929660cb87be6e5495fc av_one_full  avia-builder-el-1  avia-builder-el-no-sibling  first flex_column_div av-zero-column-padding '     ><\/div>\n\n<\/div><\/div><\/main><!-- close content main element --><\/div><\/div><div id='av_section_2'  class='avia-section av-mcx2puh9-96d862d04438282560c532319c2d7c6c main_color avia-section-default avia-no-border-styling  avia-builder-el-3  el_after_av_section  el_before_av_section  home_header_cont home_header_video_cont avia-bg-style-scroll av-minimum-height av-minimum-height-custom  av-section-with-video-bg container_wrap fullsize'   data-av_minimum_height_px='500' data-section-video-ratio='16:9'><div  class='avia-slideshow av_slideshow_obj-1-69e159d6c1566 avia-slideshow-featured av_slideshow avia-slide-slider av-slideshow-ui av-control-default av-slideshow-manual av-loop-once av-loop-manual-endless av-default-height-applied  av-section-video-bg avia-slideshow-1' data-slideshow-options=\"{&quot;animation&quot;:&quot;slide&quot;,&quot;autoplay&quot;:false,&quot;loop_autoplay&quot;:&quot;once&quot;,&quot;interval&quot;:5,&quot;loop_manual&quot;:&quot;manual-endless&quot;,&quot;autoplay_stopper&quot;:false,&quot;noNavigation&quot;:false,&quot;bg_slider&quot;:false,&quot;keep_padding&quot;:false,&quot;hoverpause&quot;:false,&quot;show_slide_delay&quot;:0}\"  itemprop=\"image\" itemscope=\"itemscope\" itemtype=\"https:\/\/schema.org\/ImageObject\" ><ul class='avia-slideshow-inner ' style='padding-bottom: 28.666666666667%;'><li  data-controls='disabled' data-mute='aviaTBaviaTBvideo_mute' data-loop='1' data-disable-autoplay=''  data-video-ratio='1.7777777777778' class='avia-slideshow-slide av_slideshow_obj-1-69e159d6c1566__0  av-video-slide  av-video-service-html5  av-hide-video-controls av-mute-video av-loop-video  av-single-slide slide-1 slide-odd'><div data-rel='slideshow-1' class='avia-slide-wrap '    itemprop=\"video\" itemtype=\"https:\/\/schema.org\/VideoObject\" ><div class='av-click-overlay'><\/div><video class='avia_video'  autoplay playsinline loop preload=\"metadata\" muted  id='player_1688_1844257941_2024291283'><source src=\"http:\/\/excelsior.com.mt\/wp-content\/uploads\/2025\/07\/Home-page-Banner-1-1View_1_1-1.mp4\" type=\"video\/mp4\" \/><\/video><div class=\"av-click-to-play-overlay\"><div class=\"avia_playpause_icon\"><\/div><\/div><\/div><\/li><\/ul><\/div><div class='container av-section-cont-open' style='height:500px'><div class='template-page content  av-content-full alpha units'><div class='post-entry post-entry-type-page post-entry-1688'><div class='entry-content-wrapper clearfix'>\n<\/div><\/div><\/div><!-- close content main div --><\/div><\/div><div id='av_section_3'  class='avia-section av-lqqovul2-063ddfe421cbf88d145fc161246b7384 main_color avia-section-default avia-no-border-styling  avia-builder-el-4  el_after_av_section  el_before_av_section  padd_top_normal padd_bot_normal avia-bg-style-scroll container_wrap fullsize'  ><div class='container av-section-cont-open' ><div class='template-page content  av-content-full alpha units'><div class='post-entry post-entry-type-page post-entry-1688'><div class='entry-content-wrapper clearfix'>\n\n<style type=\"text\/css\" data-created_by=\"avia_inline_auto\" id=\"style-css-av-unqh-8fd5ad065e3fb8ba6ebc3100716feec6\">\n.flex_column.av-unqh-8fd5ad065e3fb8ba6ebc3100716feec6{\n-webkit-border-radius:0px 0px 0px 0px;\n-moz-border-radius:0px 0px 0px 0px;\nborder-radius:0px 0px 0px 0px;\npadding:0px 0px 0px 0px;\n}\n<\/style>\n<div class='flex_column av-unqh-8fd5ad065e3fb8ba6ebc3100716feec6 av_one_full  avia-builder-el-5  avia-builder-el-no-sibling  no_mobile_marg_bot first flex_column_div av-zero-column-padding '     ><p>\n<style type=\"text\/css\" data-created_by=\"avia_inline_auto\" id=\"style-css-av-lqqp0eau-d4d249e1da580047eb5ddca943bcdd9e\">\n.avia-image-container.av-lqqp0eau-d4d249e1da580047eb5ddca943bcdd9e img.avia_image{\nbox-shadow:none;\n}\n.avia-image-container.av-lqqp0eau-d4d249e1da580047eb5ddca943bcdd9e .av-image-caption-overlay-center{\ncolor:#ffffff;\n}\n<\/style>\n<div  class='avia-image-container av-lqqp0eau-d4d249e1da580047eb5ddca943bcdd9e av-styling- avia-align-center  avia-builder-el-6  el_before_av_heading  avia-builder-el-first  crown_icon_cont'   itemprop=\"image\" itemscope=\"itemscope\" itemtype=\"https:\/\/schema.org\/ImageObject\" ><div class=\"avia-image-container-inner\"><div class=\"avia-image-overlay-wrap\"><img decoding=\"async\" class='wp-image-1295 avia-img-lazy-loading-not-1295 avia_image lazyload' data-src=\"https:\/\/excelsior.com.mt\/wp-content\/uploads\/2023\/12\/game-icons_queen-crown.svg\" alt='crown icon' title='game-icons_queen-crown'  height=\"64\" width=\"64\"  itemprop=\"thumbnailUrl\" src=\"data:image\/gif;base64,R0lGODlhAQABAAAAACH5BAEKAAEALAAAAAABAAEAAAICTAEAOw==\" style=\"--smush-placeholder-width: 64px; --smush-placeholder-aspect-ratio: 64\/64;\" \/><\/div><\/div><\/div><br \/>\n\n<style type=\"text\/css\" data-created_by=\"avia_inline_auto\" id=\"style-css-av-lqqq9m6j-d52e3bca5ba1ace207ecefb73863e0ca\">\n#top .av-special-heading.av-lqqq9m6j-d52e3bca5ba1ace207ecefb73863e0ca{\npadding-bottom:0;\n}\nbody .av-special-heading.av-lqqq9m6j-d52e3bca5ba1ace207ecefb73863e0ca .av-special-heading-tag .heading-char{\nfont-size:25px;\n}\n.av-special-heading.av-lqqq9m6j-d52e3bca5ba1ace207ecefb73863e0ca .av-subheading{\nfont-size:15px;\n}\n<\/style>\n<div  class='av-special-heading av-lqqq9m6j-d52e3bca5ba1ace207ecefb73863e0ca av-special-heading-h3 blockquote modern-quote modern-centered  avia-builder-el-7  el_after_av_image  el_before_av_heading  main_section_subtitle_top marg_top_40'><h3 class='av-special-heading-tag'  itemprop=\"headline\"  >Floriana, Malta<\/h3><div class=\"special-heading-border\"><div class=\"special-heading-inner-border\"><\/div><\/div><\/div><br \/>\n\n<style type=\"text\/css\" data-created_by=\"avia_inline_auto\" id=\"style-css-av-lqqq9x88-1f75d469cf062204925713444fc0a71c\">\n#top .av-special-heading.av-lqqq9x88-1f75d469cf062204925713444fc0a71c{\npadding-bottom:0;\n}\nbody .av-special-heading.av-lqqq9x88-1f75d469cf062204925713444fc0a71c .av-special-heading-tag .heading-char{\nfont-size:25px;\n}\n.av-special-heading.av-lqqq9x88-1f75d469cf062204925713444fc0a71c .av-subheading{\nfont-size:15px;\n}\n<\/style>\n<div  class='av-special-heading av-lqqq9x88-1f75d469cf062204925713444fc0a71c av-special-heading-h1 blockquote modern-quote modern-centered  avia-builder-el-8  el_after_av_heading  el_before_av_textblock  main_section_title no_marg_top'><h1 class='av-special-heading-tag'  itemprop=\"headline\"  >Vacanze 5 Stelle a MALTA<\/h1><div class=\"special-heading-border\"><div class=\"special-heading-inner-border\"><\/div><\/div><\/div><br \/>\n<section  class='av_textblock_section av-lqqqama6-47abc4e19110a2b482b1361ab672257a'  itemscope=\"itemscope\" itemtype=\"https:\/\/schema.org\/CreativeWork\" ><div class='avia_textblock main_p_cont marg_top_20 max_width_720'  itemprop=\"text\" ><p style=\"text-align: center;\">Il Grand Hotel Excelsior Malta \u00e8 un hotel\u00a0di lusso a 5 stelle situato all\u2019interno delle fortificazioni del XVI secolo di Valletta, capitale di Malta, dichiarata Patrimonio dell\u2019Umanit\u00e0 dall\u2019UNESCO. Questo hotel di lusso a Malta d\u00e0 direttamente sul mare dell\u2019isola e da esso si possono ammirare panorami mozzafiato sul porto di Marsamxett e l\u2019isola Manoel. Membro del Preferred Hotels &amp; Resorts, l\u2019hotel supera le aspettative dei clienti, grazie all\u2019ottimo servizio a cinque stelle. L\u2019Excelsior mette a disposizione sale conferenza e servizio buffet, 14 locali flessibili, per una superficie superiore a 4000 m\u00b2, molti dei quali sono illuminati da luce naturale \u2013 un ambiente ideale per riunioni di lavoro, conferenze e altri eventi. Accanto all\u2019Excelsior si trova il Centro conferenze del Mediterraneo. Questo edificio storico consente di aumentare il numero di partecipanti alle conferenze dell\u2019 Grand Hotel Excelsior, in quanto l\u2019auditorium \u00e8 in grado di accogliere 1.400 persone.<\/p>\n<p style=\"text-align: center;\">Questo fantastico hotel 5 stelle\u00a0ha aperto le porte ai suoi primi ospiti il 10 settembre 2007. Fu chiaro fin dal\u2019inizio che l\u2019offerta di prodotti e servizi sarebbe stata di altissima qualit\u00e0. L\u2019hotel attira e accoglie numerosi turisti e uomini d\u2019affari, nonch\u00e9 importanti personalit\u00e0 internazionali.<\/p>\n<\/div><\/section><br \/>\n<div  class='avia-button-wrap av-lqqqoze7-616bd0d7210139be5feeda151c0fa649-wrap avia-button-center  avia-builder-el-10  el_after_av_textblock  avia-builder-el-last  main_btn_cont marg_top_40' ><a href='https:\/\/excelsior.com.mt\/the-hotel\/'  class='avia-button av-lqqqoze7-616bd0d7210139be5feeda151c0fa649 avia-icon_select-no avia-size-small avia-position-center avia-color-theme-color' ><span class='avia_iconbox_title' >Discover More <i class=\"btn_icon bg_contain bg_center bg_no_repeat\"><\/i><\/span><\/a><\/div><\/p><\/div>\n\n<\/div><\/div><\/div><!-- close content main div --><\/div><\/div><div id='av_section_4'  class='avia-section av-lqr5rge9-09f9fcb9bf806f4706a38065f2b8e8e1 main_color avia-section-default avia-no-border-styling  avia-builder-el-11  el_after_av_section  el_before_av_section  padd_top_normal padd_bot_normal cream_bg home_gallery_cont avia-bg-style-scroll container_wrap fullsize'  ><div class='container av-section-cont-open' ><div class='template-page content  av-content-full alpha units'><div class='post-entry post-entry-type-page post-entry-1688'><div class='entry-content-wrapper clearfix'>\n\n<style type=\"text\/css\" data-created_by=\"avia_inline_auto\" id=\"style-css-av-lsby3915-83e8220624c8f2f62eaed524b2ee3176\">\n#top .av-special-heading.av-lsby3915-83e8220624c8f2f62eaed524b2ee3176{\npadding-bottom:0;\n}\nbody .av-special-heading.av-lsby3915-83e8220624c8f2f62eaed524b2ee3176 .av-special-heading-tag .heading-char{\nfont-size:25px;\n}\n.av-special-heading.av-lsby3915-83e8220624c8f2f62eaed524b2ee3176 .av-subheading{\nfont-size:15px;\n}\n<\/style>\n<div  class='av-special-heading av-lsby3915-83e8220624c8f2f62eaed524b2ee3176 av-special-heading-h1 blockquote modern-quote  avia-builder-el-12  el_before_av_one_full  avia-builder-el-first  main_section_title no_marg_top'><h1 class='av-special-heading-tag'  itemprop=\"headline\"  >Un\u2019esperienza eccezionale presso questo hotel di lusso a Malta.<\/h1><div class=\"special-heading-border\"><div class=\"special-heading-inner-border\"><\/div><\/div><\/div>\n\n<style type=\"text\/css\" data-created_by=\"avia_inline_auto\" id=\"style-css-av-1344t-12f02ffa598b6c83fde795269434be0b\">\n.flex_column.av-1344t-12f02ffa598b6c83fde795269434be0b{\n-webkit-border-radius:0px 0px 0px 0px;\n-moz-border-radius:0px 0px 0px 0px;\nborder-radius:0px 0px 0px 0px;\npadding:0px 0px 0px 0px;\n}\n<\/style>\n<div class='flex_column av-1344t-12f02ffa598b6c83fde795269434be0b av_one_full  avia-builder-el-13  el_after_av_heading  avia-builder-el-last  no_mobile_marg_bot first flex_column_div av-zero-column-padding '     ><section  class='av_textblock_section av-lsby2ole-968fb003b87a5c6cc74c215912bb19bc'  itemscope=\"itemscope\" itemtype=\"https:\/\/schema.org\/CreativeWork\" ><div class='avia_textblock main_p_cont marg_top_20 max_width_720'  itemprop=\"text\" ><p>Le strutture dell\u2019hotel includono:<\/p>\n<ul>\n<li>428 stanze e suite di lusso<\/li>\n<li>Design classico e contemporaneo<\/li>\n<li>Servizi a 5 stelle<\/li>\n<li>Tre piani per riunioni d\u2019affari<\/li>\n<li>Stupende viste panoramiche sul porto<\/li>\n<li>Porticciolo turistico privato con 30 posti di ormeggio e centro sportivo acquatico<\/li>\n<li>Piscine all\u2019aperto e al chiuso<\/li>\n<li>Piccola spiaggia privata<\/li>\n<li>Centro salute e benessere, palestra e stazione termale<\/li>\n<li>Sei punti vendita di generi alimentari e bevande (tre dei quali stagionali)<\/li>\n<li>14 sale flessibili per eventi, con una superficie di oltre 4000 m\u00b2<\/li>\n<li>Vicinanza al Centro conferenze del Mediterraneo<\/li>\n<\/ul>\n<\/div><\/section><\/div>\n\n<\/div><\/div><\/div><!-- close content main div --><\/div><\/div><div id='av_section_5'  class='avia-section av-lsby59ue-7d48d9c706e50b892b92251b14dc7f02 main_color avia-section-default avia-no-border-styling  avia-builder-el-15  el_after_av_section  el_before_av_section  padd_top_normal padd_bot_normal bg_blue home_gallery_cont avia-bg-style-scroll container_wrap fullsize'  ><div class='container av-section-cont-open' ><div class='template-page content  av-content-full alpha units'><div class='post-entry post-entry-type-page post-entry-1688'><div class='entry-content-wrapper clearfix'>\n\n<style type=\"text\/css\" data-created_by=\"avia_inline_auto\" id=\"style-css-av-lsby6cgv-b6f0f0079e44791eaeb7908e4b10cee4\">\n#top .av-special-heading.av-lsby6cgv-b6f0f0079e44791eaeb7908e4b10cee4{\npadding-bottom:0;\n}\nbody .av-special-heading.av-lsby6cgv-b6f0f0079e44791eaeb7908e4b10cee4 .av-special-heading-tag .heading-char{\nfont-size:25px;\n}\n.av-special-heading.av-lsby6cgv-b6f0f0079e44791eaeb7908e4b10cee4 .av-subheading{\nfont-size:15px;\n}\n<\/style>\n<div  class='av-special-heading av-lsby6cgv-b6f0f0079e44791eaeb7908e4b10cee4 av-special-heading-h1 blockquote modern-quote  avia-builder-el-16  el_before_av_one_full  avia-builder-el-first  main_section_title no_marg_top'><h1 class='av-special-heading-tag'  itemprop=\"headline\"  >Una magnifica destinazione per i viaggi di lusso Malta<\/h1><div class=\"special-heading-border\"><div class=\"special-heading-inner-border\"><\/div><\/div><\/div>\n\n<style type=\"text\/css\" data-created_by=\"avia_inline_auto\" id=\"style-css-av-av_one_full-7c9a9e032b12ad94aa2b2c90f122038f\">\n.flex_column.av-av_one_full-7c9a9e032b12ad94aa2b2c90f122038f{\n-webkit-border-radius:0px 0px 0px 0px;\n-moz-border-radius:0px 0px 0px 0px;\nborder-radius:0px 0px 0px 0px;\npadding:0px 0px 0px 0px;\n}\n<\/style>\n<div class='flex_column av-av_one_full-7c9a9e032b12ad94aa2b2c90f122038f av_one_full  avia-builder-el-17  el_after_av_heading  avia-builder-el-last  no_mobile_marg_bot first flex_column_div av-zero-column-padding '     ><section  class='av_textblock_section av-lsby66w7-82f4416599f4aaa291a631cdd90569dd'  itemscope=\"itemscope\" itemtype=\"https:\/\/schema.org\/CreativeWork\" ><div class='avia_textblock main_p_cont marg_top_20 max_width_720'  itemprop=\"text\" ><p>Nel noto sito \u201ctripadvisor\u201d, l\u2019hotel ha ottenuto dagli ospiti che vi hanno soggiornato il giudizio di \u201cHotel fit for Royalty\u201d (Hotel regale). Il giudizio fa riferimento al fatto che, durante il soggiorno degli ospiti, anche il Re di Spagna stava soggiornando presso l\u2019hotel, in occasione di una visita di Stato a Malta. Anche la Cancelliera tedesca Angela Merkel ha di recente scelto l\u2019hotel Excelsior in occasione di una sua visita sull\u2019isola che prevedeva l\u2019incontro con le autorit\u00e0 maltesi. I responsabili dell\u2019hotel di lusso a Malta sono stati molto onorati di aver avuto l\u2019opportunit\u00e0 di contribuire alla riuscita della visita di queste due importanti personalit\u00e0. \u00c8 stato fatto il massimo per assicurare sia la sicurezza degli illustri ospiti che per offrire quei livelli di servizio ottimale e grande ospitalit\u00e0 per cui l\u2019Excelsior \u00e8 ben noto. L\u2019hotel ritiene di avere un ruolo importante per tenere alta la buona reputazione di Malta come nazione ospitale. Il fatto che questi grandi eventi stiano diventando una ricorrenza costante testimonia il fatto che il Grand Hotel Excelsior sta diventando famoso a livello internazionale.<\/p>\n<p>In occasione delle tue prossime vacanze a Malta, approfitta della gentile ospitalit\u00e0, del bellissimo mare, degli stupendi giardini e della vista sul mare offerti dalle calde e accoglienti stanze dell\u2019Excelsior Grand Hotel Malta. Approfitta di questa esclusiva struttura e sfrutta al meglio la tua vacanza di lusso a Malta.\u00a0<a href=\"https:\/\/gc.synxis.com\/rez.aspx?tps=fml&amp;adult=1&amp;step=1&amp;hotel=26932&amp;shell=fMLAEH&amp;chain=10237&amp;template=fMLAEH&amp;avcurrency=USD&amp;submit.x=11&amp;submit.y=10\" target=\"_blank\" rel=\"noopener\">Prenota online il tuo soggiorno per usufruire di tariffe preferenziali.<\/a><\/p>\n<\/div><\/section><\/div>\n\n<\/div><\/div><\/div><!-- close content main div --><\/div><\/div><div id='av_section_6'  class='avia-section av-1039d-f4b203ae06663f25230b32ebdb662d0b main_color avia-section-default avia-no-border-styling  avia-builder-el-19  el_after_av_section  avia-builder-el-last  no_padd_bot no_mobile_marg_bot avia-bg-style-scroll container_wrap fullsize'  ><div class='container av-section-cont-open' ><div class='template-page content  av-content-full alpha units'><div class='post-entry post-entry-type-page post-entry-1688'><div class='entry-content-wrapper clearfix'>\n\n<style type=\"text\/css\" data-created_by=\"avia_inline_auto\" id=\"style-css-av-lqtpxvbk-7cd5fc8ca970b18a870f9a9c09d018a0\">\n.flex_column.av-lqtpxvbk-7cd5fc8ca970b18a870f9a9c09d018a0{\nbackground:url(https:\/\/excelsior.com.mt\/wp-content\/uploads\/2023\/12\/restaurant_ocean_view.webp) 50% 50% no-repeat scroll ;\n}\n<\/style>\n<div class='flex_column av-lqtpxvbk-7cd5fc8ca970b18a870f9a9c09d018a0 av_one_full  avia-builder-el-20  avia-builder-el-no-sibling  no_mobile_marg_bot first flex_column_div avia-full-stretch '     ><\/div>\n\n","protected":false},"excerpt":{"rendered":"","protected":false},"author":1,"featured_media":0,"parent":0,"menu_order":0,"comment_status":"closed","ping_status":"closed","template":"","meta":{"_acf_changed":false,"inline_featured_image":false,"footnotes":""},"class_list":["post-1688","page","type-page","status-publish","hentry"],"acf":[],"yoast_head":"<!-- This site is optimized with the Yoast SEO plugin v25.7 - https:\/\/yoast.com\/wordpress\/plugins\/seo\/ -->\n<title>Home - Grand Hotel Excelsior Malta<\/title>\n<meta name=\"robots\" content=\"index, follow, max-snippet:-1, max-image-preview:large, max-video-preview:-1\" \/>\n<link rel=\"canonical\" href=\"https:\/\/excelsior.com.mt\/it\/home\/\" \/>\n<meta property=\"og:locale\" content=\"it_IT\" \/>\n<meta property=\"og:type\" content=\"article\" \/>\n<meta property=\"og:title\" content=\"Home - Grand Hotel Excelsior Malta\" \/>\n<meta property=\"og:url\" content=\"https:\/\/excelsior.com.mt\/it\/home\/\" \/>\n<meta property=\"og:site_name\" content=\"Grand Hotel Excelsior Malta\" \/>\n<meta property=\"article:modified_time\" content=\"2025-07-21T08:41:52+00:00\" \/>\n<meta property=\"og:image\" content=\"https:\/\/excelsior.com.mt\/wp-content\/uploads\/2024\/02\/ghe.jpg\" \/>\n\t<meta property=\"og:image:width\" content=\"800\" \/>\n\t<meta property=\"og:image:height\" content=\"517\" \/>\n\t<meta property=\"og:image:type\" content=\"image\/jpeg\" \/>\n<meta name=\"twitter:card\" content=\"summary_large_image\" \/>\n<meta name=\"twitter:label1\" content=\"Tempo di lettura stimato\" \/>\n\t<meta name=\"twitter:data1\" content=\"3 minuti\" \/>\n<script type=\"application\/ld+json\" class=\"yoast-schema-graph\">{\"@context\":\"https:\/\/schema.org\",\"@graph\":[{\"@type\":\"WebPage\",\"@id\":\"https:\/\/excelsior.com.mt\/it\/home\/\",\"url\":\"https:\/\/excelsior.com.mt\/it\/home\/\",\"name\":\"Home - Grand Hotel Excelsior Malta\",\"isPartOf\":{\"@id\":\"https:\/\/excelsior.com.mt\/#website\"},\"datePublished\":\"2020-04-10T15:41:48+00:00\",\"dateModified\":\"2025-07-21T08:41:52+00:00\",\"breadcrumb\":{\"@id\":\"https:\/\/excelsior.com.mt\/it\/home\/#breadcrumb\"},\"inLanguage\":\"it-IT\",\"potentialAction\":[{\"@type\":\"ReadAction\",\"target\":[\"https:\/\/excelsior.com.mt\/it\/home\/\"]}]},{\"@type\":\"BreadcrumbList\",\"@id\":\"https:\/\/excelsior.com.mt\/it\/home\/#breadcrumb\",\"itemListElement\":[{\"@type\":\"ListItem\",\"position\":1,\"name\":\"Home\",\"item\":\"https:\/\/excelsior.com.mt\/it\/home\/\"},{\"@type\":\"ListItem\",\"position\":2,\"name\":\"Home\"}]},{\"@type\":\"WebSite\",\"@id\":\"https:\/\/excelsior.com.mt\/#website\",\"url\":\"https:\/\/excelsior.com.mt\/\",\"name\":\"Grand Hotel Excelsior Malta\",\"description\":\"Nestled in the heart of Floriana, and only a stone\u2019s throw away from the capital city of Malta, Valletta, the Grand Hotel Excelsior stands as an epitome of timeless elegance and sophistication.\",\"potentialAction\":[{\"@type\":\"SearchAction\",\"target\":{\"@type\":\"EntryPoint\",\"urlTemplate\":\"https:\/\/excelsior.com.mt\/?s={search_term_string}\"},\"query-input\":{\"@type\":\"PropertyValueSpecification\",\"valueRequired\":true,\"valueName\":\"search_term_string\"}}],\"inLanguage\":\"it-IT\"}]}<\/script>\n<!-- \/ Yoast SEO plugin. -->","yoast_head_json":{"title":"Home - Grand Hotel Excelsior Malta","robots":{"index":"index","follow":"follow","max-snippet":"max-snippet:-1","max-image-preview":"max-image-preview:large","max-video-preview":"max-video-preview:-1"},"canonical":"https:\/\/excelsior.com.mt\/it\/home\/","og_locale":"it_IT","og_type":"article","og_title":"Home - Grand Hotel Excelsior Malta","og_url":"https:\/\/excelsior.com.mt\/it\/home\/","og_site_name":"Grand Hotel Excelsior Malta","article_modified_time":"2025-07-21T08:41:52+00:00","og_image":[{"width":800,"height":517,"url":"https:\/\/excelsior.com.mt\/wp-content\/uploads\/2024\/02\/ghe.jpg","type":"image\/jpeg"}],"twitter_card":"summary_large_image","twitter_misc":{"Tempo di lettura stimato":"3 minuti"},"schema":{"@context":"https:\/\/schema.org","@graph":[{"@type":"WebPage","@id":"https:\/\/excelsior.com.mt\/it\/home\/","url":"https:\/\/excelsior.com.mt\/it\/home\/","name":"Home - Grand Hotel Excelsior Malta","isPartOf":{"@id":"https:\/\/excelsior.com.mt\/#website"},"datePublished":"2020-04-10T15:41:48+00:00","dateModified":"2025-07-21T08:41:52+00:00","breadcrumb":{"@id":"https:\/\/excelsior.com.mt\/it\/home\/#breadcrumb"},"inLanguage":"it-IT","potentialAction":[{"@type":"ReadAction","target":["https:\/\/excelsior.com.mt\/it\/home\/"]}]},{"@type":"BreadcrumbList","@id":"https:\/\/excelsior.com.mt\/it\/home\/#breadcrumb","itemListElement":[{"@type":"ListItem","position":1,"name":"Home","item":"https:\/\/excelsior.com.mt\/it\/home\/"},{"@type":"ListItem","position":2,"name":"Home"}]},{"@type":"WebSite","@id":"https:\/\/excelsior.com.mt\/#website","url":"https:\/\/excelsior.com.mt\/","name":"Grand Hotel Excelsior Malta","description":"Nestled in the heart of Floriana, and only a stone\u2019s throw away from the capital city of Malta, Valletta, the Grand Hotel Excelsior stands as an epitome of timeless elegance and sophistication.","potentialAction":[{"@type":"SearchAction","target":{"@type":"EntryPoint","urlTemplate":"https:\/\/excelsior.com.mt\/?s={search_term_string}"},"query-input":{"@type":"PropertyValueSpecification","valueRequired":true,"valueName":"search_term_string"}}],"inLanguage":"it-IT"}]}},"publishpress_future_action":{"enabled":false,"date":"2026-04-23 23:51:18","action":"change-status","newStatus":"draft","terms":[],"taxonomy":"translation_priority"},"publishpress_future_workflow_manual_trigger":{"enabledWorkflows":[]},"_links":{"self":[{"href":"https:\/\/excelsior.com.mt\/it\/wp-json\/wp\/v2\/pages\/1688","targetHints":{"allow":["GET"]}}],"collection":[{"href":"https:\/\/excelsior.com.mt\/it\/wp-json\/wp\/v2\/pages"}],"about":[{"href":"https:\/\/excelsior.com.mt\/it\/wp-json\/wp\/v2\/types\/page"}],"author":[{"embeddable":true,"href":"https:\/\/excelsior.com.mt\/it\/wp-json\/wp\/v2\/users\/1"}],"replies":[{"embeddable":true,"href":"https:\/\/excelsior.com.mt\/it\/wp-json\/wp\/v2\/comments?post=1688"}],"version-history":[{"count":8,"href":"https:\/\/excelsior.com.mt\/it\/wp-json\/wp\/v2\/pages\/1688\/revisions"}],"predecessor-version":[{"id":7184,"href":"https:\/\/excelsior.com.mt\/it\/wp-json\/wp\/v2\/pages\/1688\/revisions\/7184"}],"wp:attachment":[{"href":"https:\/\/excelsior.com.mt\/it\/wp-json\/wp\/v2\/media?parent=1688"}],"curies":[{"name":"wp","href":"https:\/\/api.w.org\/{rel}","templated":true}]}}