{"id":2716,"date":"2020-04-10T17:41:48","date_gmt":"2020-04-10T15:41:48","guid":{"rendered":"https:\/\/excelsior.m7alphadesignstudios.com\/home\/"},"modified":"2025-07-21T10:41:35","modified_gmt":"2025-07-21T08:41:35","slug":"home","status":"publish","type":"page","link":"https:\/\/excelsior.com.mt\/fr\/","title":{"rendered":"Home"},"content":{"rendered":"<div id='av_section_1'  class='avia-section av-mcx2oa01-15d58b8332329fd43058fafcc6b477d7 main_color avia-section-default avia-no-border-styling  avia-builder-el-0  el_before_av_section  avia-builder-el-first  home_header_cont av-desktop-hide av-medium-hide av-small-hide av-mini-hide avia-bg-style-scroll container_wrap fullsize'  ><div class='container av-section-cont-open' ><main  role=\"main\" itemprop=\"mainContentOfPage\"  class='template-page content  av-content-full alpha units'><div class='post-entry post-entry-type-page post-entry-2716'><div class='entry-content-wrapper clearfix'>\n\n<style type=\"text\/css\" data-created_by=\"avia_inline_auto\" id=\"style-css-av-av_one_full-79ff81c021393065cee878051452f6a6\">\n.flex_column.av-av_one_full-79ff81c021393065cee878051452f6a6{\n-webkit-border-radius:0px 0px 0px 0px;\n-moz-border-radius:0px 0px 0px 0px;\nborder-radius:0px 0px 0px 0px;\npadding:0px 0px 0px 0px;\n}\n<\/style>\n<div class='flex_column av-av_one_full-79ff81c021393065cee878051452f6a6 av_one_full  avia-builder-el-1  avia-builder-el-no-sibling  first flex_column_div av-zero-column-padding '     ><\/div>\n\n<\/div><\/div><\/main><!-- close content main element --><\/div><\/div><div id='av_section_2'  class='avia-section av-mcx2oe5e-256e837bb1f7f973f8d6635162e5dbad main_color avia-section-default avia-no-border-styling  avia-builder-el-3  el_after_av_section  el_before_av_section  home_header_cont home_header_video_cont avia-bg-style-scroll av-minimum-height av-minimum-height-custom  av-section-with-video-bg container_wrap fullsize'   data-av_minimum_height_px='500' data-section-video-ratio='16:9'><div  class='avia-slideshow av_slideshow_obj-1-69ee502be4033 avia-slideshow-featured av_slideshow avia-slide-slider av-slideshow-ui av-control-default av-slideshow-manual av-loop-once av-loop-manual-endless av-default-height-applied  av-section-video-bg avia-slideshow-1' data-slideshow-options=\"{&quot;animation&quot;:&quot;slide&quot;,&quot;autoplay&quot;:false,&quot;loop_autoplay&quot;:&quot;once&quot;,&quot;interval&quot;:5,&quot;loop_manual&quot;:&quot;manual-endless&quot;,&quot;autoplay_stopper&quot;:false,&quot;noNavigation&quot;:false,&quot;bg_slider&quot;:false,&quot;keep_padding&quot;:false,&quot;hoverpause&quot;:false,&quot;show_slide_delay&quot;:0}\"  itemprop=\"image\" itemscope=\"itemscope\" itemtype=\"https:\/\/schema.org\/ImageObject\" ><ul class='avia-slideshow-inner ' style='padding-bottom: 28.666666666667%;'><li  data-controls='disabled' data-mute='aviaTBaviaTBvideo_mute' data-loop='1' data-disable-autoplay=''  data-video-ratio='1.7777777777778' class='avia-slideshow-slide av_slideshow_obj-1-69ee502be4033__0  av-video-slide  av-video-service-html5  av-hide-video-controls av-mute-video av-loop-video  av-single-slide slide-1 slide-odd'><div data-rel='slideshow-1' class='avia-slide-wrap '    itemprop=\"video\" itemtype=\"https:\/\/schema.org\/VideoObject\" ><div class='av-click-overlay'><\/div><video class='avia_video'  autoplay playsinline loop preload=\"metadata\" muted  id='player_2716_551157807_269735990'><source src=\"http:\/\/excelsior.com.mt\/wp-content\/uploads\/2025\/07\/Updated-Home-page-Banner-1-View_1_1-1.mp4\" type=\"video\/mp4\" \/><\/video><div class=\"av-click-to-play-overlay\"><div class=\"avia_playpause_icon\"><\/div><\/div><\/div><\/li><\/ul><\/div><div class='container av-section-cont-open' style='height:500px'><div class='template-page content  av-content-full alpha units'><div class='post-entry post-entry-type-page post-entry-2716'><div class='entry-content-wrapper clearfix'>\n<\/div><\/div><\/div><!-- close content main div --><\/div><\/div><div id='av_section_3'  class='avia-section av-av_section-53dd1e6d513596bbbfdaea5027983116 main_color avia-section-default avia-no-border-styling  avia-builder-el-4  el_after_av_section  el_before_av_section  padd_top_normal padd_bot_normal avia-bg-style-scroll container_wrap fullsize'  ><div class='container av-section-cont-open' ><div class='template-page content  av-content-full alpha units'><div class='post-entry post-entry-type-page post-entry-2716'><div class='entry-content-wrapper clearfix'>\n\n<style type=\"text\/css\" data-created_by=\"avia_inline_auto\" id=\"style-css-av-av_one_full-7c9a9e032b12ad94aa2b2c90f122038f\">\n.flex_column.av-av_one_full-7c9a9e032b12ad94aa2b2c90f122038f{\n-webkit-border-radius:0px 0px 0px 0px;\n-moz-border-radius:0px 0px 0px 0px;\nborder-radius:0px 0px 0px 0px;\npadding:0px 0px 0px 0px;\n}\n<\/style>\n<div class='flex_column av-av_one_full-7c9a9e032b12ad94aa2b2c90f122038f av_one_full  avia-builder-el-5  avia-builder-el-no-sibling  no_mobile_marg_bot first flex_column_div av-zero-column-padding '     ><p>\n<style type=\"text\/css\" data-created_by=\"avia_inline_auto\" id=\"style-css-av-av_image-9ae1f6e31f15e4d1522b6cd304eb5ba0\">\n.avia-image-container.av-av_image-9ae1f6e31f15e4d1522b6cd304eb5ba0 img.avia_image{\nbox-shadow:none;\n}\n.avia-image-container.av-av_image-9ae1f6e31f15e4d1522b6cd304eb5ba0 .av-image-caption-overlay-center{\ncolor:#ffffff;\n}\n<\/style>\n<div  class='avia-image-container av-av_image-9ae1f6e31f15e4d1522b6cd304eb5ba0 av-styling- avia-align-center  avia-builder-el-6  el_before_av_heading  avia-builder-el-first  crown_icon_cont'   itemprop=\"image\" itemscope=\"itemscope\" itemtype=\"https:\/\/schema.org\/ImageObject\" ><div class=\"avia-image-container-inner\"><div class=\"avia-image-overlay-wrap\"><img decoding=\"async\" class='wp-image-1293 avia-img-lazy-loading-not-1293 avia_image lazyload' data-src=\"https:\/\/excelsior.com.mt\/wp-content\/uploads\/2023\/12\/game-icons_queen-crown.svg\" alt='crown icon' title='game-icons_queen-crown'  height=\"64\" width=\"64\"  itemprop=\"thumbnailUrl\" src=\"data:image\/gif;base64,R0lGODlhAQABAAAAACH5BAEKAAEALAAAAAABAAEAAAICTAEAOw==\" style=\"--smush-placeholder-width: 64px; --smush-placeholder-aspect-ratio: 64\/64;\" \/><\/div><\/div><\/div><br \/>\n\n<style type=\"text\/css\" data-created_by=\"avia_inline_auto\" id=\"style-css-av-av_heading-87ebd7ed89025781f4be5db5442f8dd5\">\n#top .av-special-heading.av-av_heading-87ebd7ed89025781f4be5db5442f8dd5{\npadding-bottom:0;\n}\nbody .av-special-heading.av-av_heading-87ebd7ed89025781f4be5db5442f8dd5 .av-special-heading-tag .heading-char{\nfont-size:25px;\n}\n.av-special-heading.av-av_heading-87ebd7ed89025781f4be5db5442f8dd5 .av-subheading{\nfont-size:15px;\n}\n<\/style>\n<div  class='av-special-heading av-av_heading-87ebd7ed89025781f4be5db5442f8dd5 av-special-heading-h3 blockquote modern-quote modern-centered  avia-builder-el-7  el_after_av_image  el_before_av_heading  main_section_subtitle_top marg_top_40'><h3 class='av-special-heading-tag'  itemprop=\"headline\"  >Floriana, Malta<\/h3><div class=\"special-heading-border\"><div class=\"special-heading-inner-border\"><\/div><\/div><\/div><br \/>\n\n<style type=\"text\/css\" data-created_by=\"avia_inline_auto\" id=\"style-css-av-lsbz6evm-3a4164c5fa9128c5cab7ad3b99da1d4e\">\n#top .av-special-heading.av-lsbz6evm-3a4164c5fa9128c5cab7ad3b99da1d4e{\npadding-bottom:0;\n}\nbody .av-special-heading.av-lsbz6evm-3a4164c5fa9128c5cab7ad3b99da1d4e .av-special-heading-tag .heading-char{\nfont-size:25px;\n}\n.av-special-heading.av-lsbz6evm-3a4164c5fa9128c5cab7ad3b99da1d4e .av-subheading{\nfont-size:15px;\n}\n<\/style>\n<div  class='av-special-heading av-lsbz6evm-3a4164c5fa9128c5cab7ad3b99da1d4e av-special-heading-h1 blockquote modern-quote modern-centered  avia-builder-el-8  el_after_av_heading  el_before_av_textblock  main_section_title no_marg_top'><h1 class='av-special-heading-tag'  itemprop=\"headline\"  >Bienvenue au<br \/>\nGrand Hotel Excelsior Malte<\/h1><div class=\"special-heading-border\"><div class=\"special-heading-inner-border\"><\/div><\/div><\/div><br \/>\n<section  class='av_textblock_section av-lscyqldw-0f53cf03ae788883796da590cf1c3cea'  itemscope=\"itemscope\" itemtype=\"https:\/\/schema.org\/CreativeWork\" ><div class='avia_textblock main_p_cont marg_top_20 max_width_720'  itemprop=\"text\" ><p style=\"text-align: center;\">Le Grand H\u00f4tel Excelsior est un \u00e9tablissement 5 \u00e9toiles situ\u00e9 dans l\u2019enceinte des fortifications \u00e9rig\u00e9es au 16\u00e8mesi\u00e8cle de la capitale de l\u2019\u00eele de Malte, La Valette, inscrite au patrimoine mondial de l\u2019UNESCO. Jouissant d\u2019un emplacement privil\u00e9gi\u00e9 sur le front de mer, cet\u00a0<strong>h\u00f4tel de luxe \u00e0 Malta<\/strong>\u00a0offre une vue imprenable sur le port de Marsamxett et l\u2019\u00eele de Manoel. En tant que membre de la cha\u00eene h\u00f4teli\u00e8re Preferred Hotels &amp; Resorts, l\u2019 Grand H\u00f4tel Excelsior urpassera vos attentes par l\u2019excellence de ses services 5 \u00e9toiles. Gr\u00e2ce \u00e0 ses salles de conf\u00e9rence et de banquet polyvalentes, ses 14 espaces modulables sur plus de 4000 m\u00b2, baign\u00e9s pour la plupart de lumi\u00e8re naturelle, le Grand H\u00f4tel Excelsior est le lieu id\u00e9al pour des r\u00e9unions d\u2019affaires, conf\u00e9rences et autres \u00e9v\u00e9nements marquants. Ses capacit\u00e9s d\u2019accueil sont par ailleurs renforc\u00e9es par sa proximit\u00e9 avec le Centre de conf\u00e9rence m\u00e9diterran\u00e9en, \u00e9difice historique dot\u00e9 d\u2019un auditorium de 1 400 places.<\/p>\n<p style=\"text-align: center;\">D\u00e8s le premier jour de son ouverture, le 10 septembre 2007, il \u00e9tait \u00e9vident que le Grand H\u00f4tel Excelsior s\u2019imposerait comme un \u00e9tablissement d\u2019exception, offrant des prestations et des services d\u2019une qualit\u00e9 sup\u00e9rieure. L\u2019h\u00f4tel est fier de compter parmi ses clients fid\u00e8les des h\u00f4tes en voyage d\u2019affaires ou d\u2019agr\u00e9ment, ainsi que des personnalit\u00e9s venues du monde entier.<\/p>\n<\/div><\/section><br \/>\n<div  class='avia-button-wrap av-av_button-21bb409db4fabdff909eb666496ccaf8-wrap avia-button-center  avia-builder-el-10  el_after_av_textblock  avia-builder-el-last  main_btn_cont marg_top_40' ><a href='https:\/\/excelsior.com.mt\/the-hotel\/'  class='avia-button av-av_button-21bb409db4fabdff909eb666496ccaf8 avia-icon_select-no avia-size-small avia-position-center avia-color-theme-color' ><span class='avia_iconbox_title' >Discover More <i class=\"btn_icon bg_contain bg_center bg_no_repeat\"><\/i><\/span><\/a><\/div><\/p><\/div>\n\n<\/div><\/div><\/div><!-- close content main div --><\/div><\/div><div id='av_section_4'  class='avia-section av-av_section-4fc3ec6b2740f4874a3fdcaee71a09fa main_color avia-section-default avia-no-border-styling  avia-builder-el-11  el_after_av_section  el_before_av_section  padd_top_normal padd_bot_normal cream_bg home_gallery_cont avia-bg-style-scroll container_wrap fullsize'  ><div class='container av-section-cont-open' ><div class='template-page content  av-content-full alpha units'><div class='post-entry post-entry-type-page post-entry-2716'><div class='entry-content-wrapper clearfix'>\n\n<style type=\"text\/css\" data-created_by=\"avia_inline_auto\" id=\"style-css-av-lscyqr41-a5717a51dd06b744c38a11aed1670520\">\n#top .av-special-heading.av-lscyqr41-a5717a51dd06b744c38a11aed1670520{\npadding-bottom:0;\n}\nbody .av-special-heading.av-lscyqr41-a5717a51dd06b744c38a11aed1670520 .av-special-heading-tag .heading-char{\nfont-size:25px;\n}\n.av-special-heading.av-lscyqr41-a5717a51dd06b744c38a11aed1670520 .av-subheading{\nfont-size:15px;\n}\n<\/style>\n<div  class='av-special-heading av-lscyqr41-a5717a51dd06b744c38a11aed1670520 av-special-heading-h1 blockquote modern-quote  avia-builder-el-12  el_before_av_one_full  avia-builder-el-first  main_section_title no_marg_top'><h1 class='av-special-heading-tag'  itemprop=\"headline\"  >Une exp\u00e9rience inoubliable dans un h\u00f4tel de luxe \u00e0 Malte<\/h1><div class=\"special-heading-border\"><div class=\"special-heading-inner-border\"><\/div><\/div><\/div>\n\n<style type=\"text\/css\" data-created_by=\"avia_inline_auto\" id=\"style-css-av-av_one_full-7c9a9e032b12ad94aa2b2c90f122038f\">\n.flex_column.av-av_one_full-7c9a9e032b12ad94aa2b2c90f122038f{\n-webkit-border-radius:0px 0px 0px 0px;\n-moz-border-radius:0px 0px 0px 0px;\nborder-radius:0px 0px 0px 0px;\npadding:0px 0px 0px 0px;\n}\n<\/style>\n<div class='flex_column av-av_one_full-7c9a9e032b12ad94aa2b2c90f122038f av_one_full  avia-builder-el-13  el_after_av_heading  avia-builder-el-last  no_mobile_marg_bot first flex_column_div av-zero-column-padding '     ><section  class='av_textblock_section av-lscyry5m-4b8c533d9f9d17ca08f7e209cbf3e3df'  itemscope=\"itemscope\" itemtype=\"https:\/\/schema.org\/CreativeWork\" ><div class='avia_textblock main_p_cont marg_top_20 max_width_720'  itemprop=\"text\" ><p>Parmi les \u00e9quipements\/services propos\u00e9s par l\u2019h\u00f4tel :<\/p>\n<ul>\n<li>428 chambres et suites de luxe<\/li>\n<li>D\u00e9coration alliant styles classique et contemporain<\/li>\n<li>Tout l\u2019\u00e9quipement moderne d\u2019un \u00e9tablissement 5 \u00e9toiles<\/li>\n<li>Trois \u00ab Executive floors \u00bb<\/li>\n<li>Vue imprenable sur le port<\/li>\n<li>Centre de sports nautiques et marina priv\u00e9e de 30 emplacements de mouillage<\/li>\n<li>Piscines int\u00e9rieure et ext\u00e9rieure<\/li>\n<li>Petite plage priv\u00e9e<\/li>\n<li>Centre de bien-\u00eatre et de remise en forme, Spa<\/li>\n<li>Six restaurants et bars (dont trois saisonniers)<\/li>\n<li>14 espaces modulables sur plus de 4000 m\u00b2<\/li>\n<li>Proximit\u00e9 du Centre de conf\u00e9rence m\u00e9diterran\u00e9en<\/li>\n<\/ul>\n<\/div><\/section><\/div>\n\n<\/div><\/div><\/div><!-- close content main div --><\/div><\/div><div id='av_section_5'  class='avia-section av-av_section-69d67ba09b64d810dac306c1b8434e0f main_color avia-section-default avia-no-border-styling  avia-builder-el-15  el_after_av_section  el_before_av_section  padd_top_normal padd_bot_normal bg_blue home_gallery_cont avia-bg-style-scroll container_wrap fullsize'  ><div class='container av-section-cont-open' ><div class='template-page content  av-content-full alpha units'><div class='post-entry post-entry-type-page post-entry-2716'><div class='entry-content-wrapper clearfix'>\n\n<style type=\"text\/css\" data-created_by=\"avia_inline_auto\" id=\"style-css-av-lscys57h-3fab132d6d4eba1d5bca8c47143d050d\">\n#top .av-special-heading.av-lscys57h-3fab132d6d4eba1d5bca8c47143d050d{\npadding-bottom:0;\n}\nbody .av-special-heading.av-lscys57h-3fab132d6d4eba1d5bca8c47143d050d .av-special-heading-tag .heading-char{\nfont-size:25px;\n}\n.av-special-heading.av-lscys57h-3fab132d6d4eba1d5bca8c47143d050d .av-subheading{\nfont-size:15px;\n}\n<\/style>\n<div  class='av-special-heading av-lscys57h-3fab132d6d4eba1d5bca8c47143d050d av-special-heading-h1 blockquote modern-quote  avia-builder-el-16  el_before_av_one_full  avia-builder-el-first  main_section_title no_marg_top'><h1 class='av-special-heading-tag'  itemprop=\"headline\"  >Un voyage d\u2019exception \u00e0 Malte pour une prestigieuse destination<\/h1><div class=\"special-heading-border\"><div class=\"special-heading-inner-border\"><\/div><\/div><\/div>\n\n<style type=\"text\/css\" data-created_by=\"avia_inline_auto\" id=\"style-css-av-av_one_full-7c9a9e032b12ad94aa2b2c90f122038f\">\n.flex_column.av-av_one_full-7c9a9e032b12ad94aa2b2c90f122038f{\n-webkit-border-radius:0px 0px 0px 0px;\n-moz-border-radius:0px 0px 0px 0px;\nborder-radius:0px 0px 0px 0px;\npadding:0px 0px 0px 0px;\n}\n<\/style>\n<div class='flex_column av-av_one_full-7c9a9e032b12ad94aa2b2c90f122038f av_one_full  avia-builder-el-17  el_after_av_heading  avia-builder-el-last  no_mobile_marg_bot first flex_column_div av-zero-column-padding '     ><section  class='av_textblock_section av-lscysci4-513f665bc2e043d805c41e54ce75e7a3'  itemscope=\"itemscope\" itemtype=\"https:\/\/schema.org\/CreativeWork\" ><div class='avia_textblock main_p_cont marg_top_20 max_width_720'  itemprop=\"text\" ><p>Le Grand H\u00f4tel Excelsior a \u00e9t\u00e9 qualifi\u00e9 d\u2019\u00ab H\u00f4tel des t\u00eates couronn\u00e9es \u00bb par des voyageurs donnant leur avis sur le fameux site Web TripAdvisor car durant leur s\u00e9jour, le roi d\u2019Espagne, en visite d\u2019\u00e9tat \u00e0 Malte, r\u00e9sidait \u00e0 l\u2019h\u00f4tel. C\u2019est \u00e9galement l\u2019 Grand H\u00f4tel Excelsior qu\u2019\u00e0 choisi la Chanceli\u00e8re allemande Angela Merkel \u00e0 l\u2019occasion de sa r\u00e9cente visite aux autorit\u00e9s maltaises. Toute l\u2019\u00e9quipe de cet h\u00f4tel de luxe maltais a \u00e9t\u00e9 extr\u00eamement honor\u00e9e de contribuer au succ\u00e8s de ces deux \u00e9v\u00e9nements importants. Un accent tout particulier a \u00e9t\u00e9 mis sur la s\u00e9curit\u00e9 de ces h\u00f4tes de marque, ainsi que sur l\u2019excellence des services et de la qualit\u00e9 d\u2019accueil qui font la renomm\u00e9e du Grand H\u00f4tel Excelsior. L\u2019\u00e9tablissement pense qu\u2019il est de son devoir d\u2019\u00eatre \u00e0 la hauteur, voire de surpasser la r\u00e9putation dont jouissent les Maltais en tant que nation hospitali\u00e8re. Et le fait que ces \u00e9v\u00e9nements majeurs deviennent r\u00e9currents t\u00e9moigne de la notori\u00e9t\u00e9 grandissante que le Grand H\u00f4tel Excelsior est en train d\u2019acqu\u00e9rir sur le plan international.<\/p>\n<p>Lors de votre prochain s\u00e9jour \u00e0 Malte, venez d\u00e9couvrir le Grand H\u00f4tel Excelsior, son sens chaleureux de l\u2019hospitalit\u00e9 et ses chambres accueillantes avec vues imprenables sur la mer, le port ou les jardins. Abandonnez-vous au raffinement de cet \u00e9tablissement d\u2019exception et go\u00fbtez \u00e0 la quintessence des vacances de luxe \u00e0 Malte.\u00a0<a href=\"https:\/\/gc.synxis.com\/rez.aspx?Hotel=26932&amp;Chain=10237&amp;template=rMLAEH&amp;shell=rMLAEH&amp;locale=en-US\" target=\"_blank\" rel=\"noopener\">Effectuez vos r\u00e9servations en ligne et b\u00e9n\u00e9ficiez de tarifs pr\u00e9f\u00e9rentiels<\/a>.<\/p>\n<\/div><\/section><\/div>\n\n<\/div><\/div><\/div><!-- close content main div --><\/div><\/div><div id='av_section_6'  class='avia-section av-av_section-edaa1f853e42157137ddd615a280be2f main_color avia-section-default avia-no-border-styling  avia-builder-el-19  el_after_av_section  avia-builder-el-last  no_padd_bot no_mobile_marg_bot avia-bg-style-scroll container_wrap fullsize'  ><div class='container av-section-cont-open' ><div class='template-page content  av-content-full alpha units'><div class='post-entry post-entry-type-page post-entry-2716'><div class='entry-content-wrapper clearfix'>\n\n<style type=\"text\/css\" data-created_by=\"avia_inline_auto\" id=\"style-css-av-av_one_full-2bad1343ae873cecdc9f8cbc5bff00f3\">\n.flex_column.av-av_one_full-2bad1343ae873cecdc9f8cbc5bff00f3{\nbackground:url(https:\/\/excelsior.com.mt\/wp-content\/uploads\/2023\/12\/restaurant_ocean_view.webp) 50% 50% no-repeat scroll ;\n}\n<\/style>\n<div class='flex_column av-av_one_full-2bad1343ae873cecdc9f8cbc5bff00f3 av_one_full  avia-builder-el-20  avia-builder-el-no-sibling  no_mobile_marg_bot first flex_column_div avia-full-stretch '     ><\/div>\n\n","protected":false},"excerpt":{"rendered":"","protected":false},"author":1,"featured_media":0,"parent":0,"menu_order":0,"comment_status":"closed","ping_status":"closed","template":"","meta":{"_acf_changed":false,"inline_featured_image":false,"footnotes":""},"class_list":["post-2716","page","type-page","status-publish","hentry"],"acf":[],"yoast_head":"<!-- This site is optimized with the Yoast SEO plugin v25.7 - https:\/\/yoast.com\/wordpress\/plugins\/seo\/ -->\n<title>Home - Grand Hotel Excelsior Malta<\/title>\n<meta name=\"robots\" content=\"index, follow, max-snippet:-1, max-image-preview:large, max-video-preview:-1\" \/>\n<link rel=\"canonical\" href=\"https:\/\/excelsior.com.mt\/fr\/home\/\" \/>\n<meta property=\"og:locale\" content=\"fr_FR\" \/>\n<meta property=\"og:type\" content=\"article\" \/>\n<meta property=\"og:title\" content=\"Home - Grand Hotel Excelsior Malta\" \/>\n<meta property=\"og:url\" content=\"https:\/\/excelsior.com.mt\/fr\/home\/\" \/>\n<meta property=\"og:site_name\" content=\"Grand Hotel Excelsior Malta\" \/>\n<meta property=\"article:modified_time\" content=\"2025-07-21T08:41:35+00:00\" \/>\n<meta property=\"og:image\" content=\"https:\/\/excelsior.com.mt\/wp-content\/uploads\/2024\/02\/ghe.jpg\" \/>\n\t<meta property=\"og:image:width\" content=\"800\" \/>\n\t<meta property=\"og:image:height\" content=\"517\" \/>\n\t<meta property=\"og:image:type\" content=\"image\/jpeg\" \/>\n<meta name=\"twitter:card\" content=\"summary_large_image\" \/>\n<meta name=\"twitter:label1\" content=\"Dur\u00e9e de lecture estim\u00e9e\" \/>\n\t<meta name=\"twitter:data1\" content=\"3 minutes\" \/>\n<script type=\"application\/ld+json\" class=\"yoast-schema-graph\">{\"@context\":\"https:\/\/schema.org\",\"@graph\":[{\"@type\":\"WebPage\",\"@id\":\"https:\/\/excelsior.com.mt\/fr\/home\/\",\"url\":\"https:\/\/excelsior.com.mt\/fr\/home\/\",\"name\":\"Home - Grand Hotel Excelsior Malta\",\"isPartOf\":{\"@id\":\"https:\/\/excelsior.com.mt\/#website\"},\"datePublished\":\"2020-04-10T15:41:48+00:00\",\"dateModified\":\"2025-07-21T08:41:35+00:00\",\"breadcrumb\":{\"@id\":\"https:\/\/excelsior.com.mt\/fr\/home\/#breadcrumb\"},\"inLanguage\":\"fr-FR\",\"potentialAction\":[{\"@type\":\"ReadAction\",\"target\":[\"https:\/\/excelsior.com.mt\/fr\/home\/\"]}]},{\"@type\":\"BreadcrumbList\",\"@id\":\"https:\/\/excelsior.com.mt\/fr\/home\/#breadcrumb\",\"itemListElement\":[{\"@type\":\"ListItem\",\"position\":1,\"name\":\"Home\",\"item\":\"https:\/\/excelsior.com.mt\/fr\/home\/\"},{\"@type\":\"ListItem\",\"position\":2,\"name\":\"Home\"}]},{\"@type\":\"WebSite\",\"@id\":\"https:\/\/excelsior.com.mt\/#website\",\"url\":\"https:\/\/excelsior.com.mt\/\",\"name\":\"Grand Hotel Excelsior Malta\",\"description\":\"Nestled in the heart of Floriana, and only a stone\u2019s throw away from the capital city of Malta, Valletta, the Grand Hotel Excelsior stands as an epitome of timeless elegance and sophistication.\",\"potentialAction\":[{\"@type\":\"SearchAction\",\"target\":{\"@type\":\"EntryPoint\",\"urlTemplate\":\"https:\/\/excelsior.com.mt\/?s={search_term_string}\"},\"query-input\":{\"@type\":\"PropertyValueSpecification\",\"valueRequired\":true,\"valueName\":\"search_term_string\"}}],\"inLanguage\":\"fr-FR\"}]}<\/script>\n<!-- \/ Yoast SEO plugin. -->","yoast_head_json":{"title":"Home - Grand Hotel Excelsior Malta","robots":{"index":"index","follow":"follow","max-snippet":"max-snippet:-1","max-image-preview":"max-image-preview:large","max-video-preview":"max-video-preview:-1"},"canonical":"https:\/\/excelsior.com.mt\/fr\/home\/","og_locale":"fr_FR","og_type":"article","og_title":"Home - Grand Hotel Excelsior Malta","og_url":"https:\/\/excelsior.com.mt\/fr\/home\/","og_site_name":"Grand Hotel Excelsior Malta","article_modified_time":"2025-07-21T08:41:35+00:00","og_image":[{"width":800,"height":517,"url":"https:\/\/excelsior.com.mt\/wp-content\/uploads\/2024\/02\/ghe.jpg","type":"image\/jpeg"}],"twitter_card":"summary_large_image","twitter_misc":{"Dur\u00e9e de lecture estim\u00e9e":"3 minutes"},"schema":{"@context":"https:\/\/schema.org","@graph":[{"@type":"WebPage","@id":"https:\/\/excelsior.com.mt\/fr\/home\/","url":"https:\/\/excelsior.com.mt\/fr\/home\/","name":"Home - Grand Hotel Excelsior Malta","isPartOf":{"@id":"https:\/\/excelsior.com.mt\/#website"},"datePublished":"2020-04-10T15:41:48+00:00","dateModified":"2025-07-21T08:41:35+00:00","breadcrumb":{"@id":"https:\/\/excelsior.com.mt\/fr\/home\/#breadcrumb"},"inLanguage":"fr-FR","potentialAction":[{"@type":"ReadAction","target":["https:\/\/excelsior.com.mt\/fr\/home\/"]}]},{"@type":"BreadcrumbList","@id":"https:\/\/excelsior.com.mt\/fr\/home\/#breadcrumb","itemListElement":[{"@type":"ListItem","position":1,"name":"Home","item":"https:\/\/excelsior.com.mt\/fr\/home\/"},{"@type":"ListItem","position":2,"name":"Home"}]},{"@type":"WebSite","@id":"https:\/\/excelsior.com.mt\/#website","url":"https:\/\/excelsior.com.mt\/","name":"Grand Hotel Excelsior Malta","description":"Nestled in the heart of Floriana, and only a stone\u2019s throw away from the capital city of Malta, Valletta, the Grand Hotel Excelsior stands as an epitome of timeless elegance and sophistication.","potentialAction":[{"@type":"SearchAction","target":{"@type":"EntryPoint","urlTemplate":"https:\/\/excelsior.com.mt\/?s={search_term_string}"},"query-input":{"@type":"PropertyValueSpecification","valueRequired":true,"valueName":"search_term_string"}}],"inLanguage":"fr-FR"}]}},"publishpress_future_action":{"enabled":false,"date":"2026-05-03 19:49:31","action":"change-status","newStatus":"draft","terms":[],"taxonomy":"translation_priority"},"publishpress_future_workflow_manual_trigger":{"enabledWorkflows":[]},"_links":{"self":[{"href":"https:\/\/excelsior.com.mt\/fr\/wp-json\/wp\/v2\/pages\/2716","targetHints":{"allow":["GET"]}}],"collection":[{"href":"https:\/\/excelsior.com.mt\/fr\/wp-json\/wp\/v2\/pages"}],"about":[{"href":"https:\/\/excelsior.com.mt\/fr\/wp-json\/wp\/v2\/types\/page"}],"author":[{"embeddable":true,"href":"https:\/\/excelsior.com.mt\/fr\/wp-json\/wp\/v2\/users\/1"}],"replies":[{"embeddable":true,"href":"https:\/\/excelsior.com.mt\/fr\/wp-json\/wp\/v2\/comments?post=2716"}],"version-history":[{"count":3,"href":"https:\/\/excelsior.com.mt\/fr\/wp-json\/wp\/v2\/pages\/2716\/revisions"}],"predecessor-version":[{"id":7182,"href":"https:\/\/excelsior.com.mt\/fr\/wp-json\/wp\/v2\/pages\/2716\/revisions\/7182"}],"wp:attachment":[{"href":"https:\/\/excelsior.com.mt\/fr\/wp-json\/wp\/v2\/media?parent=2716"}],"curies":[{"name":"wp","href":"https:\/\/api.w.org\/{rel}","templated":true}]}}