{"id":2720,"date":"2020-04-10T17:41:48","date_gmt":"2020-04-10T15:41:48","guid":{"rendered":"https:\/\/excelsior.m7alphadesignstudios.com\/home\/"},"modified":"2025-07-21T10:42:10","modified_gmt":"2025-07-21T08:42:10","slug":"home","status":"publish","type":"page","link":"https:\/\/excelsior.com.mt\/es\/","title":{"rendered":"Home"},"content":{"rendered":"<div id='av_section_1'  class='avia-section av-mcx2rj67-9ca8dc0ab80b35c07ff23f720b10b09f main_color avia-section-default avia-no-border-styling  avia-builder-el-0  el_before_av_section  avia-builder-el-first  home_header_cont av-desktop-hide av-medium-hide av-small-hide av-mini-hide avia-bg-style-scroll container_wrap fullsize'  ><div class='container av-section-cont-open' ><main  role=\"main\" itemprop=\"mainContentOfPage\"  class='template-page content  av-content-full alpha units'><div class='post-entry post-entry-type-page post-entry-2720'><div class='entry-content-wrapper clearfix'>\n\n<style type=\"text\/css\" data-created_by=\"avia_inline_auto\" id=\"style-css-av-av_one_full-79ff81c021393065cee878051452f6a6\">\n.flex_column.av-av_one_full-79ff81c021393065cee878051452f6a6{\n-webkit-border-radius:0px 0px 0px 0px;\n-moz-border-radius:0px 0px 0px 0px;\nborder-radius:0px 0px 0px 0px;\npadding:0px 0px 0px 0px;\n}\n<\/style>\n<div class='flex_column av-av_one_full-79ff81c021393065cee878051452f6a6 av_one_full  avia-builder-el-1  avia-builder-el-no-sibling  first flex_column_div av-zero-column-padding '     ><\/div>\n\n<\/div><\/div><\/main><!-- close content main element --><\/div><\/div><div id='av_section_2'  class='avia-section av-mcx2rnyk-9d660c17560bac19c76d1bff8abfa039 main_color avia-section-default avia-no-border-styling  avia-builder-el-3  el_after_av_section  el_before_av_section  home_header_cont home_header_video_cont avia-bg-style-scroll av-minimum-height av-minimum-height-custom  av-section-with-video-bg container_wrap fullsize'   data-av_minimum_height_px='500' data-section-video-ratio='16:9'><div  class='avia-slideshow av_slideshow_obj-1-69e169f018dcd avia-slideshow-featured av_slideshow avia-slide-slider av-slideshow-ui av-control-default av-slideshow-manual av-loop-once av-loop-manual-endless av-default-height-applied  av-section-video-bg avia-slideshow-1' data-slideshow-options=\"{&quot;animation&quot;:&quot;slide&quot;,&quot;autoplay&quot;:false,&quot;loop_autoplay&quot;:&quot;once&quot;,&quot;interval&quot;:5,&quot;loop_manual&quot;:&quot;manual-endless&quot;,&quot;autoplay_stopper&quot;:false,&quot;noNavigation&quot;:false,&quot;bg_slider&quot;:false,&quot;keep_padding&quot;:false,&quot;hoverpause&quot;:false,&quot;show_slide_delay&quot;:0}\"  itemprop=\"image\" itemscope=\"itemscope\" itemtype=\"https:\/\/schema.org\/ImageObject\" ><ul class='avia-slideshow-inner ' style='padding-bottom: 28.666666666667%;'><li  data-controls='disabled' data-mute='aviaTBaviaTBvideo_mute' data-loop='1' data-disable-autoplay=''  data-video-ratio='1.7777777777778' class='avia-slideshow-slide av_slideshow_obj-1-69e169f018dcd__0  av-video-slide  av-video-service-html5  av-hide-video-controls av-mute-video av-loop-video  av-single-slide slide-1 slide-odd'><div data-rel='slideshow-1' class='avia-slide-wrap '    itemprop=\"video\" itemtype=\"https:\/\/schema.org\/VideoObject\" ><div class='av-click-overlay'><\/div><video class='avia_video'  autoplay playsinline loop preload=\"metadata\" muted  id='player_2720_327523910_1818411697'><source src=\"http:\/\/excelsior.com.mt\/wp-content\/uploads\/2025\/07\/Home-page-Banner-1-1View_1_1-1.mp4\" type=\"video\/mp4\" \/><\/video><div class=\"av-click-to-play-overlay\"><div class=\"avia_playpause_icon\"><\/div><\/div><\/div><\/li><\/ul><\/div><div class='container av-section-cont-open' style='height:500px'><div class='template-page content  av-content-full alpha units'><div class='post-entry post-entry-type-page post-entry-2720'><div class='entry-content-wrapper clearfix'>\n<\/div><\/div><\/div><!-- close content main div --><\/div><\/div><div id='av_section_3'  class='avia-section av-av_section-53dd1e6d513596bbbfdaea5027983116 main_color avia-section-default avia-no-border-styling  avia-builder-el-4  el_after_av_section  el_before_av_section  padd_top_normal padd_bot_normal avia-bg-style-scroll container_wrap fullsize'  ><div class='container av-section-cont-open' ><div class='template-page content  av-content-full alpha units'><div class='post-entry post-entry-type-page post-entry-2720'><div class='entry-content-wrapper clearfix'>\n\n<style type=\"text\/css\" data-created_by=\"avia_inline_auto\" id=\"style-css-av-av_one_full-7c9a9e032b12ad94aa2b2c90f122038f\">\n.flex_column.av-av_one_full-7c9a9e032b12ad94aa2b2c90f122038f{\n-webkit-border-radius:0px 0px 0px 0px;\n-moz-border-radius:0px 0px 0px 0px;\nborder-radius:0px 0px 0px 0px;\npadding:0px 0px 0px 0px;\n}\n<\/style>\n<div class='flex_column av-av_one_full-7c9a9e032b12ad94aa2b2c90f122038f av_one_full  avia-builder-el-5  avia-builder-el-no-sibling  no_mobile_marg_bot first flex_column_div av-zero-column-padding '     ><p>\n<style type=\"text\/css\" data-created_by=\"avia_inline_auto\" id=\"style-css-av-av_image-9ae1f6e31f15e4d1522b6cd304eb5ba0\">\n.avia-image-container.av-av_image-9ae1f6e31f15e4d1522b6cd304eb5ba0 img.avia_image{\nbox-shadow:none;\n}\n.avia-image-container.av-av_image-9ae1f6e31f15e4d1522b6cd304eb5ba0 .av-image-caption-overlay-center{\ncolor:#ffffff;\n}\n<\/style>\n<div  class='avia-image-container av-av_image-9ae1f6e31f15e4d1522b6cd304eb5ba0 av-styling- avia-align-center  avia-builder-el-6  el_before_av_heading  avia-builder-el-first  crown_icon_cont'   itemprop=\"image\" itemscope=\"itemscope\" itemtype=\"https:\/\/schema.org\/ImageObject\" ><div class=\"avia-image-container-inner\"><div class=\"avia-image-overlay-wrap\"><img decoding=\"async\" class='wp-image-1297 avia-img-lazy-loading-not-1297 avia_image lazyload' data-src=\"https:\/\/excelsior.com.mt\/wp-content\/uploads\/2023\/12\/game-icons_queen-crown.svg\" alt='crown icon' title='game-icons_queen-crown'  height=\"64\" width=\"64\"  itemprop=\"thumbnailUrl\" src=\"data:image\/gif;base64,R0lGODlhAQABAAAAACH5BAEKAAEALAAAAAABAAEAAAICTAEAOw==\" style=\"--smush-placeholder-width: 64px; --smush-placeholder-aspect-ratio: 64\/64;\" \/><\/div><\/div><\/div><br \/>\n\n<style type=\"text\/css\" data-created_by=\"avia_inline_auto\" id=\"style-css-av-av_heading-87ebd7ed89025781f4be5db5442f8dd5\">\n#top .av-special-heading.av-av_heading-87ebd7ed89025781f4be5db5442f8dd5{\npadding-bottom:0;\n}\nbody .av-special-heading.av-av_heading-87ebd7ed89025781f4be5db5442f8dd5 .av-special-heading-tag .heading-char{\nfont-size:25px;\n}\n.av-special-heading.av-av_heading-87ebd7ed89025781f4be5db5442f8dd5 .av-subheading{\nfont-size:15px;\n}\n<\/style>\n<div  class='av-special-heading av-av_heading-87ebd7ed89025781f4be5db5442f8dd5 av-special-heading-h3 blockquote modern-quote modern-centered  avia-builder-el-7  el_after_av_image  el_before_av_heading  main_section_subtitle_top marg_top_40'><h3 class='av-special-heading-tag'  itemprop=\"headline\"  >Floriana, Malta<\/h3><div class=\"special-heading-border\"><div class=\"special-heading-inner-border\"><\/div><\/div><\/div><br \/>\n\n<style type=\"text\/css\" data-created_by=\"avia_inline_auto\" id=\"style-css-av-lsbz6evm-3292a05448d08e88f1d4df31cac76515\">\n#top .av-special-heading.av-lsbz6evm-3292a05448d08e88f1d4df31cac76515{\npadding-bottom:0;\n}\nbody .av-special-heading.av-lsbz6evm-3292a05448d08e88f1d4df31cac76515 .av-special-heading-tag .heading-char{\nfont-size:25px;\n}\n.av-special-heading.av-lsbz6evm-3292a05448d08e88f1d4df31cac76515 .av-subheading{\nfont-size:15px;\n}\n<\/style>\n<div  class='av-special-heading av-lsbz6evm-3292a05448d08e88f1d4df31cac76515 av-special-heading-h1 blockquote modern-quote modern-centered  avia-builder-el-8  el_after_av_heading  el_before_av_textblock  main_section_title no_marg_top'><h1 class='av-special-heading-tag'  itemprop=\"headline\"  >Bienvenido al<br \/>\nGrand Hotel Excelsior Malta<\/h1><div class=\"special-heading-border\"><div class=\"special-heading-inner-border\"><\/div><\/div><\/div><br \/>\n<section  class='av_textblock_section av-lscyqldw-0f53cf03ae788883796da590cf1c3cea'  itemscope=\"itemscope\" itemtype=\"https:\/\/schema.org\/CreativeWork\" ><div class='avia_textblock main_p_cont marg_top_20 max_width_720'  itemprop=\"text\" ><p style=\"text-align: center;\">Grand Hotel Excelsior Malta es un resort de 5 estrellas situado dentro de las fortificaciones del siglo XVI de la capital de Malta, La Valeta, declarada patrimonio de la humanidad por la UNESCO. Este hotel de lujo en Malta se encuentra en la mejor ubicaci\u00f3n a orillas de la isla y ofrece inigualables paisajes del puerto Marsamxett y la isla Manoel. Como miembro de los hoteles y resorts Preferred, Grand Hotel Excelsior Malta supera las expectativas de excelencia gracias a su servicio de 5 estrellas. El Hotel ofrece instalaciones vers\u00e1tiles para conferencias y banquetes, 14 salas de usos m\u00faltiples que superan los 4.000 m\u00b2, varias de las cuales cuentan con luz natural, lo que las convierte en ambientes ideales para reuniones comerciales, conferencias y otros eventos. Cerca del Grand Hotel Excelsior Malta se encuentra el Centro de Conferencias del Mediterr\u00e1neo. Este edificio hist\u00f3rico aumenta el potencial para realizar conferencias, ya que cuenta con un auditorio que puede albergar hasta 1.400 delegados. Grand Hotel Excelsior Malta se enorgullece de atraer y conservar a sus hu\u00e9spedes, fieles seguidores en viajes de negocios o placer, as\u00ed como a prominentes personalidades de todo el mundo.<\/p>\n<\/div><\/section><br \/>\n<div  class='avia-button-wrap av-av_button-21bb409db4fabdff909eb666496ccaf8-wrap avia-button-center  avia-builder-el-10  el_after_av_textblock  avia-builder-el-last  main_btn_cont marg_top_40' ><a href='https:\/\/excelsior.com.mt\/the-hotel\/'  class='avia-button av-av_button-21bb409db4fabdff909eb666496ccaf8 avia-icon_select-no avia-size-small avia-position-center avia-color-theme-color' ><span class='avia_iconbox_title' >Discover More <i class=\"btn_icon bg_contain bg_center bg_no_repeat\"><\/i><\/span><\/a><\/div><\/p><\/div>\n\n<\/div><\/div><\/div><!-- close content main div --><\/div><\/div><div id='av_section_4'  class='avia-section av-av_section-4fc3ec6b2740f4874a3fdcaee71a09fa main_color avia-section-default avia-no-border-styling  avia-builder-el-11  el_after_av_section  el_before_av_section  padd_top_normal padd_bot_normal cream_bg home_gallery_cont avia-bg-style-scroll container_wrap fullsize'  ><div class='container av-section-cont-open' ><div class='template-page content  av-content-full alpha units'><div class='post-entry post-entry-type-page post-entry-2720'><div class='entry-content-wrapper clearfix'>\n\n<style type=\"text\/css\" data-created_by=\"avia_inline_auto\" id=\"style-css-av-lscyqr41-d7a0be8874f274ad595a790d86f14ea4\">\n#top .av-special-heading.av-lscyqr41-d7a0be8874f274ad595a790d86f14ea4{\npadding-bottom:0;\n}\nbody .av-special-heading.av-lscyqr41-d7a0be8874f274ad595a790d86f14ea4 .av-special-heading-tag .heading-char{\nfont-size:25px;\n}\n.av-special-heading.av-lscyqr41-d7a0be8874f274ad595a790d86f14ea4 .av-subheading{\nfont-size:15px;\n}\n<\/style>\n<div  class='av-special-heading av-lscyqr41-d7a0be8874f274ad595a790d86f14ea4 av-special-heading-h1 blockquote modern-quote  avia-builder-el-12  el_before_av_one_full  avia-builder-el-first  main_section_title no_marg_top'><h1 class='av-special-heading-tag'  itemprop=\"headline\"  >Disfrute de una experiencia excepcional en un hotel de lujo en Malta.<\/h1><div class=\"special-heading-border\"><div class=\"special-heading-inner-border\"><\/div><\/div><\/div>\n\n<style type=\"text\/css\" data-created_by=\"avia_inline_auto\" id=\"style-css-av-av_one_full-7c9a9e032b12ad94aa2b2c90f122038f\">\n.flex_column.av-av_one_full-7c9a9e032b12ad94aa2b2c90f122038f{\n-webkit-border-radius:0px 0px 0px 0px;\n-moz-border-radius:0px 0px 0px 0px;\nborder-radius:0px 0px 0px 0px;\npadding:0px 0px 0px 0px;\n}\n<\/style>\n<div class='flex_column av-av_one_full-7c9a9e032b12ad94aa2b2c90f122038f av_one_full  avia-builder-el-13  el_after_av_heading  avia-builder-el-last  no_mobile_marg_bot first flex_column_div av-zero-column-padding '     ><section  class='av_textblock_section av-lscyry5m-4b8c533d9f9d17ca08f7e209cbf3e3df'  itemscope=\"itemscope\" itemtype=\"https:\/\/schema.org\/CreativeWork\" ><div class='avia_textblock main_p_cont marg_top_20 max_width_720'  itemprop=\"text\" ><p>Entre las caracter\u00edsticas del hotel se incluyen:<\/p>\n<ul>\n<li>428 habitaciones y suites de lujo<\/li>\n<li>Dise\u00f1o cl\u00e1sico y contempor\u00e1neo<\/li>\n<li>Comodidad moderna de 5 estrellas<\/li>\n<li>Tres pisos ejecutivos<\/li>\n<li>Vistas extraordinarias al puerto<\/li>\n<li>Muelle con 30 lugares de atraque y centro de deportes acu\u00e1ticos privado<\/li>\n<li>Piscinas en interiores y exteriores<\/li>\n<li>Peque\u00f1a playa privada con arena<\/li>\n<li>Centro de belleza y salud, gimnasio y spa<\/li>\n<li>Seis puntos de venta de comidas y bebidas (tres de ellos con alimentos de estaci\u00f3n)<\/li>\n<li>14 salas de usos m\u00faltiples para eventos de m\u00e1s de 4.000 m\u00b2<\/li>\n<li>Cercan\u00eda con el Centro de Conferencias del Mediterr\u00e1neo<\/li>\n<\/ul>\n<\/div><\/section><\/div>\n\n<\/div><\/div><\/div><!-- close content main div --><\/div><\/div><div id='av_section_5'  class='avia-section av-av_section-69d67ba09b64d810dac306c1b8434e0f main_color avia-section-default avia-no-border-styling  avia-builder-el-15  el_after_av_section  el_before_av_section  padd_top_normal padd_bot_normal bg_blue home_gallery_cont avia-bg-style-scroll container_wrap fullsize'  ><div class='container av-section-cont-open' ><div class='template-page content  av-content-full alpha units'><div class='post-entry post-entry-type-page post-entry-2720'><div class='entry-content-wrapper clearfix'>\n\n<style type=\"text\/css\" data-created_by=\"avia_inline_auto\" id=\"style-css-av-av_one_full-7c9a9e032b12ad94aa2b2c90f122038f\">\n.flex_column.av-av_one_full-7c9a9e032b12ad94aa2b2c90f122038f{\n-webkit-border-radius:0px 0px 0px 0px;\n-moz-border-radius:0px 0px 0px 0px;\nborder-radius:0px 0px 0px 0px;\npadding:0px 0px 0px 0px;\n}\n<\/style>\n<div class='flex_column av-av_one_full-7c9a9e032b12ad94aa2b2c90f122038f av_one_full  avia-builder-el-16  avia-builder-el-no-sibling  no_mobile_marg_bot first flex_column_div av-zero-column-padding '     ><section  class='av_textblock_section av-lscysci4-513f665bc2e043d805c41e54ce75e7a3'  itemscope=\"itemscope\" itemtype=\"https:\/\/schema.org\/CreativeWork\" ><div class='avia_textblock main_p_cont marg_top_20 max_width_720'  itemprop=\"text\" ><p>Un magn\u00edfico destino para un viaje de lujo a Malta. El hotel ha sido calificado por hu\u00e9spedes anteriores como \u2018un hotel apto para la realeza\u2019 en el popular sitio web \u2018tripadvisor\u2019. Esto se debe a que el Rey de Espa\u00f1a tambi\u00e9n fue hu\u00e9sped del hotel cuando se encontraba en Malta con motivo de una visita de Estado. La Canciller de Alemania, Angela Merkel, tambi\u00e9n eligi\u00f3 el Grand Hotel Excelsior Malta recientemente durante su visita a las islas para asistir a reuniones con las autoridades de Malta. El equipo de este hotel de lujo en Malta tuvo el honor de contribuir al \u00e9xito de estas dos visitas de gran importancia. Se puso especial \u00e9nfasis en garantizar la seguridad de los hu\u00e9spedes distinguidos, y tambi\u00e9n en ofrecer los niveles de servicio y la hospitalidad \u00f3ptimos por los cuales se reconoce este hotel de 5 estrellas en Malta. El hotel considera que cumple un papel importante al asegurarse de alcanzar y superar la reputaci\u00f3n de Malta como naci\u00f3n hospitalaria. El hecho de que estos importantes eventos se est\u00e9n volviendo una costumbre sirve como testimonio de que Grand Hotel Excelsior Malta es reconocido a nivel internacional.<\/p>\n<p>Durante sus pr\u00f3ximas vacaciones en Malta, disfrute de la amable hospitalidad y las extraordinarias vistas al mar, los jardines o el puerto desde las c\u00f3modas y c\u00e1lidas instalaciones de Grand Hotel Excelsior Malta. Disfrute de la refinada regi\u00f3n y experimente las vacaciones de lujo por excelencia en Malta.\u00a0\u00a0<a href=\"https:\/\/gc.synxis.com\/rez.aspx?tps=fml&amp;adult=1&amp;step=1&amp;hotel=26932&amp;shell=fMLAEH&amp;chain=10237&amp;template=fMLAEH&amp;avcurrency=USD&amp;submit.x=11&amp;submit.y=10\" target=\"_blank\" rel=\"noopener\">Reserve su estad\u00eda en l\u00ednea para acceder a tarifas diferenciadas.<\/a><\/p>\n<\/div><\/section><\/div>\n\n<\/div><\/div><\/div><!-- close content main div --><\/div><\/div><div id='av_section_6'  class='avia-section av-av_section-edaa1f853e42157137ddd615a280be2f main_color avia-section-default avia-no-border-styling  avia-builder-el-18  el_after_av_section  avia-builder-el-last  no_padd_bot no_mobile_marg_bot avia-bg-style-scroll container_wrap fullsize'  ><div class='container av-section-cont-open' ><div class='template-page content  av-content-full alpha units'><div class='post-entry post-entry-type-page post-entry-2720'><div class='entry-content-wrapper clearfix'>\n\n<style type=\"text\/css\" data-created_by=\"avia_inline_auto\" id=\"style-css-av-av_one_full-2bad1343ae873cecdc9f8cbc5bff00f3\">\n.flex_column.av-av_one_full-2bad1343ae873cecdc9f8cbc5bff00f3{\nbackground:url(https:\/\/excelsior.com.mt\/wp-content\/uploads\/2023\/12\/restaurant_ocean_view.webp) 50% 50% no-repeat scroll ;\n}\n<\/style>\n<div class='flex_column av-av_one_full-2bad1343ae873cecdc9f8cbc5bff00f3 av_one_full  avia-builder-el-19  avia-builder-el-no-sibling  no_mobile_marg_bot first flex_column_div avia-full-stretch '     ><\/div>\n\n","protected":false},"excerpt":{"rendered":"","protected":false},"author":1,"featured_media":0,"parent":0,"menu_order":0,"comment_status":"closed","ping_status":"closed","template":"","meta":{"_acf_changed":false,"inline_featured_image":false,"footnotes":""},"class_list":["post-2720","page","type-page","status-publish","hentry"],"acf":[],"yoast_head":"<!-- This site is optimized with the Yoast SEO plugin v25.7 - https:\/\/yoast.com\/wordpress\/plugins\/seo\/ -->\n<title>Home - Grand Hotel Excelsior Malta<\/title>\n<meta name=\"robots\" content=\"index, follow, max-snippet:-1, max-image-preview:large, max-video-preview:-1\" \/>\n<link rel=\"canonical\" href=\"https:\/\/excelsior.com.mt\/es\/home\/\" \/>\n<meta property=\"og:locale\" content=\"es_ES\" \/>\n<meta property=\"og:type\" content=\"article\" \/>\n<meta property=\"og:title\" content=\"Home - Grand Hotel Excelsior Malta\" \/>\n<meta property=\"og:url\" content=\"https:\/\/excelsior.com.mt\/es\/home\/\" \/>\n<meta property=\"og:site_name\" content=\"Grand Hotel Excelsior Malta\" \/>\n<meta property=\"article:modified_time\" content=\"2025-07-21T08:42:10+00:00\" \/>\n<meta property=\"og:image\" content=\"https:\/\/excelsior.com.mt\/wp-content\/uploads\/2024\/02\/ghe.jpg\" \/>\n\t<meta property=\"og:image:width\" content=\"800\" \/>\n\t<meta property=\"og:image:height\" content=\"517\" \/>\n\t<meta property=\"og:image:type\" content=\"image\/jpeg\" \/>\n<meta name=\"twitter:card\" content=\"summary_large_image\" \/>\n<meta name=\"twitter:label1\" content=\"Tiempo de lectura\" \/>\n\t<meta name=\"twitter:data1\" content=\"3 minutos\" \/>\n<script type=\"application\/ld+json\" class=\"yoast-schema-graph\">{\"@context\":\"https:\/\/schema.org\",\"@graph\":[{\"@type\":\"WebPage\",\"@id\":\"https:\/\/excelsior.com.mt\/es\/home\/\",\"url\":\"https:\/\/excelsior.com.mt\/es\/home\/\",\"name\":\"Home - Grand Hotel Excelsior Malta\",\"isPartOf\":{\"@id\":\"https:\/\/excelsior.com.mt\/#website\"},\"datePublished\":\"2020-04-10T15:41:48+00:00\",\"dateModified\":\"2025-07-21T08:42:10+00:00\",\"breadcrumb\":{\"@id\":\"https:\/\/excelsior.com.mt\/es\/home\/#breadcrumb\"},\"inLanguage\":\"es\",\"potentialAction\":[{\"@type\":\"ReadAction\",\"target\":[\"https:\/\/excelsior.com.mt\/es\/home\/\"]}]},{\"@type\":\"BreadcrumbList\",\"@id\":\"https:\/\/excelsior.com.mt\/es\/home\/#breadcrumb\",\"itemListElement\":[{\"@type\":\"ListItem\",\"position\":1,\"name\":\"Home\",\"item\":\"https:\/\/excelsior.com.mt\/es\/home\/\"},{\"@type\":\"ListItem\",\"position\":2,\"name\":\"Home\"}]},{\"@type\":\"WebSite\",\"@id\":\"https:\/\/excelsior.com.mt\/#website\",\"url\":\"https:\/\/excelsior.com.mt\/\",\"name\":\"Grand Hotel Excelsior Malta\",\"description\":\"Nestled in the heart of Floriana, and only a stone\u2019s throw away from the capital city of Malta, Valletta, the Grand Hotel Excelsior stands as an epitome of timeless elegance and sophistication.\",\"potentialAction\":[{\"@type\":\"SearchAction\",\"target\":{\"@type\":\"EntryPoint\",\"urlTemplate\":\"https:\/\/excelsior.com.mt\/?s={search_term_string}\"},\"query-input\":{\"@type\":\"PropertyValueSpecification\",\"valueRequired\":true,\"valueName\":\"search_term_string\"}}],\"inLanguage\":\"es\"}]}<\/script>\n<!-- \/ Yoast SEO plugin. -->","yoast_head_json":{"title":"Home - Grand Hotel Excelsior Malta","robots":{"index":"index","follow":"follow","max-snippet":"max-snippet:-1","max-image-preview":"max-image-preview:large","max-video-preview":"max-video-preview:-1"},"canonical":"https:\/\/excelsior.com.mt\/es\/home\/","og_locale":"es_ES","og_type":"article","og_title":"Home - Grand Hotel Excelsior Malta","og_url":"https:\/\/excelsior.com.mt\/es\/home\/","og_site_name":"Grand Hotel Excelsior Malta","article_modified_time":"2025-07-21T08:42:10+00:00","og_image":[{"width":800,"height":517,"url":"https:\/\/excelsior.com.mt\/wp-content\/uploads\/2024\/02\/ghe.jpg","type":"image\/jpeg"}],"twitter_card":"summary_large_image","twitter_misc":{"Tiempo de lectura":"3 minutos"},"schema":{"@context":"https:\/\/schema.org","@graph":[{"@type":"WebPage","@id":"https:\/\/excelsior.com.mt\/es\/home\/","url":"https:\/\/excelsior.com.mt\/es\/home\/","name":"Home - Grand Hotel Excelsior Malta","isPartOf":{"@id":"https:\/\/excelsior.com.mt\/#website"},"datePublished":"2020-04-10T15:41:48+00:00","dateModified":"2025-07-21T08:42:10+00:00","breadcrumb":{"@id":"https:\/\/excelsior.com.mt\/es\/home\/#breadcrumb"},"inLanguage":"es","potentialAction":[{"@type":"ReadAction","target":["https:\/\/excelsior.com.mt\/es\/home\/"]}]},{"@type":"BreadcrumbList","@id":"https:\/\/excelsior.com.mt\/es\/home\/#breadcrumb","itemListElement":[{"@type":"ListItem","position":1,"name":"Home","item":"https:\/\/excelsior.com.mt\/es\/home\/"},{"@type":"ListItem","position":2,"name":"Home"}]},{"@type":"WebSite","@id":"https:\/\/excelsior.com.mt\/#website","url":"https:\/\/excelsior.com.mt\/","name":"Grand Hotel Excelsior Malta","description":"Nestled in the heart of Floriana, and only a stone\u2019s throw away from the capital city of Malta, Valletta, the Grand Hotel Excelsior stands as an epitome of timeless elegance and sophistication.","potentialAction":[{"@type":"SearchAction","target":{"@type":"EntryPoint","urlTemplate":"https:\/\/excelsior.com.mt\/?s={search_term_string}"},"query-input":{"@type":"PropertyValueSpecification","valueRequired":true,"valueName":"search_term_string"}}],"inLanguage":"es"}]}},"publishpress_future_action":{"enabled":false,"date":"2026-04-24 01:00:00","action":"change-status","newStatus":"draft","terms":[],"taxonomy":"translation_priority"},"publishpress_future_workflow_manual_trigger":{"enabledWorkflows":[]},"_links":{"self":[{"href":"https:\/\/excelsior.com.mt\/es\/wp-json\/wp\/v2\/pages\/2720","targetHints":{"allow":["GET"]}}],"collection":[{"href":"https:\/\/excelsior.com.mt\/es\/wp-json\/wp\/v2\/pages"}],"about":[{"href":"https:\/\/excelsior.com.mt\/es\/wp-json\/wp\/v2\/types\/page"}],"author":[{"embeddable":true,"href":"https:\/\/excelsior.com.mt\/es\/wp-json\/wp\/v2\/users\/1"}],"replies":[{"embeddable":true,"href":"https:\/\/excelsior.com.mt\/es\/wp-json\/wp\/v2\/comments?post=2720"}],"version-history":[{"count":4,"href":"https:\/\/excelsior.com.mt\/es\/wp-json\/wp\/v2\/pages\/2720\/revisions"}],"predecessor-version":[{"id":7187,"href":"https:\/\/excelsior.com.mt\/es\/wp-json\/wp\/v2\/pages\/2720\/revisions\/7187"}],"wp:attachment":[{"href":"https:\/\/excelsior.com.mt\/es\/wp-json\/wp\/v2\/media?parent=2720"}],"curies":[{"name":"wp","href":"https:\/\/api.w.org\/{rel}","templated":true}]}}