{"id":2709,"date":"2020-04-10T17:41:48","date_gmt":"2020-04-10T15:41:48","guid":{"rendered":"https:\/\/excelsior.m7alphadesignstudios.com\/home\/"},"modified":"2025-07-21T10:41:43","modified_gmt":"2025-07-21T08:41:43","slug":"home","status":"publish","type":"page","link":"https:\/\/excelsior.com.mt\/de\/","title":{"rendered":"Home"},"content":{"rendered":"<div id='av_section_1'  class='avia-section av-mcx2p7te-1743209cd880de0ba88e26b1411077d2 main_color avia-section-default avia-no-border-styling  avia-builder-el-0  el_before_av_section  avia-builder-el-first  home_header_cont av-desktop-hide av-medium-hide av-small-hide av-mini-hide avia-bg-style-scroll container_wrap fullsize'  ><div class='container av-section-cont-open' ><main  role=\"main\" itemprop=\"mainContentOfPage\"  class='template-page content  av-content-full alpha units'><div class='post-entry post-entry-type-page post-entry-2709'><div class='entry-content-wrapper clearfix'>\n\n<style type=\"text\/css\" data-created_by=\"avia_inline_auto\" id=\"style-css-av-av_one_full-79ff81c021393065cee878051452f6a6\">\n.flex_column.av-av_one_full-79ff81c021393065cee878051452f6a6{\n-webkit-border-radius:0px 0px 0px 0px;\n-moz-border-radius:0px 0px 0px 0px;\nborder-radius:0px 0px 0px 0px;\npadding:0px 0px 0px 0px;\n}\n<\/style>\n<div class='flex_column av-av_one_full-79ff81c021393065cee878051452f6a6 av_one_full  avia-builder-el-1  avia-builder-el-no-sibling  first flex_column_div av-zero-column-padding '     ><\/div>\n\n<\/div><\/div><\/main><!-- close content main element --><\/div><\/div><div id='av_section_2'  class='avia-section av-mcx2p475-295eb39933420cb8c5c5fabc54ab7da2 main_color avia-section-default avia-no-border-styling  avia-builder-el-3  el_after_av_section  el_before_av_section  home_header_cont home_header_video_cont avia-bg-style-scroll av-minimum-height av-minimum-height-custom  av-section-with-video-bg container_wrap fullsize'   data-av_minimum_height_px='500' data-section-video-ratio='16:9'><div  class='avia-slideshow av_slideshow_obj-1-69e169e51055c avia-slideshow-featured av_slideshow avia-slide-slider av-slideshow-ui av-control-default av-slideshow-manual av-loop-once av-loop-manual-endless av-default-height-applied  av-section-video-bg avia-slideshow-1' data-slideshow-options=\"{&quot;animation&quot;:&quot;slide&quot;,&quot;autoplay&quot;:false,&quot;loop_autoplay&quot;:&quot;once&quot;,&quot;interval&quot;:5,&quot;loop_manual&quot;:&quot;manual-endless&quot;,&quot;autoplay_stopper&quot;:false,&quot;noNavigation&quot;:false,&quot;bg_slider&quot;:false,&quot;keep_padding&quot;:false,&quot;hoverpause&quot;:false,&quot;show_slide_delay&quot;:0}\"  itemprop=\"image\" itemscope=\"itemscope\" itemtype=\"https:\/\/schema.org\/ImageObject\" ><ul class='avia-slideshow-inner ' style='padding-bottom: 28.666666666667%;'><li  data-controls='disabled' data-mute='aviaTBaviaTBvideo_mute' data-loop='1' data-disable-autoplay=''  data-video-ratio='1.7777777777778' class='avia-slideshow-slide av_slideshow_obj-1-69e169e51055c__0  av-video-slide  av-video-service-html5  av-hide-video-controls av-mute-video av-loop-video  av-single-slide slide-1 slide-odd'><div data-rel='slideshow-1' class='avia-slide-wrap '    itemprop=\"video\" itemtype=\"https:\/\/schema.org\/VideoObject\" ><div class='av-click-overlay'><\/div><video class='avia_video'  autoplay playsinline loop preload=\"metadata\" muted  id='player_2709_1712689645_842402160'><source src=\"http:\/\/excelsior.com.mt\/wp-content\/uploads\/2025\/07\/Home-page-Banner-1-1View_1_1-1.mp4\" type=\"video\/mp4\" \/><\/video><div class=\"av-click-to-play-overlay\"><div class=\"avia_playpause_icon\"><\/div><\/div><\/div><\/li><\/ul><\/div><div class='container av-section-cont-open' style='height:500px'><div class='template-page content  av-content-full alpha units'><div class='post-entry post-entry-type-page post-entry-2709'><div class='entry-content-wrapper clearfix'>\n<\/div><\/div><\/div><!-- close content main div --><\/div><\/div><div id='av_section_3'  class='avia-section av-av_section-53dd1e6d513596bbbfdaea5027983116 main_color avia-section-default avia-no-border-styling  avia-builder-el-4  el_after_av_section  el_before_av_section  padd_top_normal padd_bot_normal avia-bg-style-scroll container_wrap fullsize'  ><div class='container av-section-cont-open' ><div class='template-page content  av-content-full alpha units'><div class='post-entry post-entry-type-page post-entry-2709'><div class='entry-content-wrapper clearfix'>\n\n<style type=\"text\/css\" data-created_by=\"avia_inline_auto\" id=\"style-css-av-av_one_full-7c9a9e032b12ad94aa2b2c90f122038f\">\n.flex_column.av-av_one_full-7c9a9e032b12ad94aa2b2c90f122038f{\n-webkit-border-radius:0px 0px 0px 0px;\n-moz-border-radius:0px 0px 0px 0px;\nborder-radius:0px 0px 0px 0px;\npadding:0px 0px 0px 0px;\n}\n<\/style>\n<div class='flex_column av-av_one_full-7c9a9e032b12ad94aa2b2c90f122038f av_one_full  avia-builder-el-5  avia-builder-el-no-sibling  no_mobile_marg_bot first flex_column_div av-zero-column-padding '     ><p>\n<style type=\"text\/css\" data-created_by=\"avia_inline_auto\" id=\"style-css-av-av_image-9ae1f6e31f15e4d1522b6cd304eb5ba0\">\n.avia-image-container.av-av_image-9ae1f6e31f15e4d1522b6cd304eb5ba0 img.avia_image{\nbox-shadow:none;\n}\n.avia-image-container.av-av_image-9ae1f6e31f15e4d1522b6cd304eb5ba0 .av-image-caption-overlay-center{\ncolor:#ffffff;\n}\n<\/style>\n<div  class='avia-image-container av-av_image-9ae1f6e31f15e4d1522b6cd304eb5ba0 av-styling- avia-align-center  avia-builder-el-6  el_before_av_heading  avia-builder-el-first  crown_icon_cont'   itemprop=\"image\" itemscope=\"itemscope\" itemtype=\"https:\/\/schema.org\/ImageObject\" ><div class=\"avia-image-container-inner\"><div class=\"avia-image-overlay-wrap\"><img decoding=\"async\" class='wp-image-1294 avia-img-lazy-loading-not-1294 avia_image lazyload' data-src=\"https:\/\/excelsior.com.mt\/wp-content\/uploads\/2023\/12\/game-icons_queen-crown.svg\" alt='crown icon' title='game-icons_queen-crown'  height=\"64\" width=\"64\"  itemprop=\"thumbnailUrl\" src=\"data:image\/gif;base64,R0lGODlhAQABAAAAACH5BAEKAAEALAAAAAABAAEAAAICTAEAOw==\" style=\"--smush-placeholder-width: 64px; --smush-placeholder-aspect-ratio: 64\/64;\" \/><\/div><\/div><\/div><br \/>\n\n<style type=\"text\/css\" data-created_by=\"avia_inline_auto\" id=\"style-css-av-av_heading-87ebd7ed89025781f4be5db5442f8dd5\">\n#top .av-special-heading.av-av_heading-87ebd7ed89025781f4be5db5442f8dd5{\npadding-bottom:0;\n}\nbody .av-special-heading.av-av_heading-87ebd7ed89025781f4be5db5442f8dd5 .av-special-heading-tag .heading-char{\nfont-size:25px;\n}\n.av-special-heading.av-av_heading-87ebd7ed89025781f4be5db5442f8dd5 .av-subheading{\nfont-size:15px;\n}\n<\/style>\n<div  class='av-special-heading av-av_heading-87ebd7ed89025781f4be5db5442f8dd5 av-special-heading-h3 blockquote modern-quote modern-centered  avia-builder-el-7  el_after_av_image  el_before_av_heading  main_section_subtitle_top marg_top_40'><h3 class='av-special-heading-tag'  itemprop=\"headline\"  >Floriana, Malta<\/h3><div class=\"special-heading-border\"><div class=\"special-heading-inner-border\"><\/div><\/div><\/div><br \/>\n\n<style type=\"text\/css\" data-created_by=\"avia_inline_auto\" id=\"style-css-av-lsbz6evm-d3907268405e43d612a5470db8f91a9a\">\n#top .av-special-heading.av-lsbz6evm-d3907268405e43d612a5470db8f91a9a{\npadding-bottom:0;\n}\nbody .av-special-heading.av-lsbz6evm-d3907268405e43d612a5470db8f91a9a .av-special-heading-tag .heading-char{\nfont-size:25px;\n}\n.av-special-heading.av-lsbz6evm-d3907268405e43d612a5470db8f91a9a .av-subheading{\nfont-size:15px;\n}\n<\/style>\n<div  class='av-special-heading av-lsbz6evm-d3907268405e43d612a5470db8f91a9a av-special-heading-h1 blockquote modern-quote modern-centered  avia-builder-el-8  el_after_av_heading  el_before_av_textblock  main_section_title no_marg_top'><h1 class='av-special-heading-tag'  itemprop=\"headline\"  >Willkommen im<br \/>\nGrand Hotel Excelsior Malta<\/h1><div class=\"special-heading-border\"><div class=\"special-heading-inner-border\"><\/div><\/div><\/div><br \/>\n<section  class='av_textblock_section av-av_textblock-bcbd315e2f4c8f6d31250a21d7120569'  itemscope=\"itemscope\" itemtype=\"https:\/\/schema.org\/CreativeWork\" ><div class='avia_textblock main_p_cont marg_top_20 max_width_720'  itemprop=\"text\" ><p style=\"text-align: center;\">Das Grand Hotel Excelsior Malta ist ein Luxus 5 Sterne Hotel inmitten der aus dem 16. Jahrhundert stammenden Festungsanlage der maltesischen Hauptstadt Valetta, die von der UNESCO zum Weltkulturerbe gek\u00fcrt wurde. Dieses Luxus hotel in Malta liegt direkt am Wasser in der besten Strandlage der Insel und bietet so atemberaubende Ausblicke auf den Marsamxett Harbour und die Manoel-Insel. Das Hotel geh\u00f6rt zu Preferred Hotels &amp; Resorts und \u00fcbertrifft daher regelm\u00e4\u00dfig alle Erwartungen, die an den Service eines 5 Sterne Hotels gestellt werden.\u00a0 Das Grand Hotel Excelsior Malta\u00a0bietet wandelbare Konferenz- und Bankettr\u00e4ume sowie 14 flexible Veranstaltungsorte mit einer Fl\u00e4che von mehr als 4000 m<sup>2<\/sup>\u00a0\u2013 einige davon mit nat\u00fcrlichem Tageslicht. Damit ist es die ideale Umgebung f\u00fcr Gesch\u00e4ftstreffen, Konferenzen und andere Events. Das Mediterranean Conference Centre befindet sich ganz in der N\u00e4he des Hotels. Das Auditorium dieses historischen Geb\u00e4udes bietet bis zu 1400 Teilnehmern Platz, wodurch das Excelsior auch zur Ausrichtung gro\u00dfer Konferenzen ideal ist.<\/p>\n<p style=\"text-align: center;\">Am 10.\u00a0September 2007 \u00f6ffnete das Grand Hotel Excelsior Malta seine T\u00fcren erstmalig f\u00fcr G\u00e4ste. Dabei war von Anfang an klar, dass die Produkt- und Servicepalette von \u00fcberragender Qualit\u00e4t sein w\u00fcrde. Das Hotel ist stolz darauf, regelm\u00e4\u00dfig nicht nur neue und wiederkehrende Freizeit- und Gesch\u00e4ftsg\u00e4ste begr\u00fc\u00dfen zu d\u00fcrfen, sondern auch prominente internationale Pers\u00f6nlichkeiten.<\/p>\n<\/div><\/section><br \/>\n<div  class='avia-button-wrap av-av_button-21bb409db4fabdff909eb666496ccaf8-wrap avia-button-center  avia-builder-el-10  el_after_av_textblock  avia-builder-el-last  main_btn_cont marg_top_40' ><a href='https:\/\/excelsior.com.mt\/the-hotel\/'  class='avia-button av-av_button-21bb409db4fabdff909eb666496ccaf8 avia-icon_select-no avia-size-small avia-position-center avia-color-theme-color' ><span class='avia_iconbox_title' >Discover More <i class=\"btn_icon bg_contain bg_center bg_no_repeat\"><\/i><\/span><\/a><\/div><\/p><\/div>\n\n<\/div><\/div><\/div><!-- close content main div --><\/div><\/div><div id='av_section_4'  class='avia-section av-av_section-4fc3ec6b2740f4874a3fdcaee71a09fa main_color avia-section-default avia-no-border-styling  avia-builder-el-11  el_after_av_section  el_before_av_section  padd_top_normal padd_bot_normal cream_bg home_gallery_cont avia-bg-style-scroll container_wrap fullsize'  ><div class='container av-section-cont-open' ><div class='template-page content  av-content-full alpha units'><div class='post-entry post-entry-type-page post-entry-2709'><div class='entry-content-wrapper clearfix'>\n\n<style type=\"text\/css\" data-created_by=\"avia_inline_auto\" id=\"style-css-av-av_heading-d8e938f0ba0416a2d1d3bd6baa663b0e\">\n#top .av-special-heading.av-av_heading-d8e938f0ba0416a2d1d3bd6baa663b0e{\npadding-bottom:0;\n}\nbody .av-special-heading.av-av_heading-d8e938f0ba0416a2d1d3bd6baa663b0e .av-special-heading-tag .heading-char{\nfont-size:25px;\n}\n.av-special-heading.av-av_heading-d8e938f0ba0416a2d1d3bd6baa663b0e .av-subheading{\nfont-size:15px;\n}\n<\/style>\n<div  class='av-special-heading av-av_heading-d8e938f0ba0416a2d1d3bd6baa663b0e av-special-heading-h1 blockquote modern-quote  avia-builder-el-12  el_before_av_one_full  avia-builder-el-first  main_section_title no_marg_top'><h1 class='av-special-heading-tag'  itemprop=\"headline\"  >Eine au\u00dfergew\u00f6hnlich luxuri\u00f6se Hotelerfahrung auf Malta.<\/h1><div class=\"special-heading-border\"><div class=\"special-heading-inner-border\"><\/div><\/div><\/div>\n\n<style type=\"text\/css\" data-created_by=\"avia_inline_auto\" id=\"style-css-av-av_one_full-7c9a9e032b12ad94aa2b2c90f122038f\">\n.flex_column.av-av_one_full-7c9a9e032b12ad94aa2b2c90f122038f{\n-webkit-border-radius:0px 0px 0px 0px;\n-moz-border-radius:0px 0px 0px 0px;\nborder-radius:0px 0px 0px 0px;\npadding:0px 0px 0px 0px;\n}\n<\/style>\n<div class='flex_column av-av_one_full-7c9a9e032b12ad94aa2b2c90f122038f av_one_full  avia-builder-el-13  el_after_av_heading  avia-builder-el-last  no_mobile_marg_bot first flex_column_div av-zero-column-padding '     ><section  class='av_textblock_section av-av_textblock-bcbd315e2f4c8f6d31250a21d7120569'  itemscope=\"itemscope\" itemtype=\"https:\/\/schema.org\/CreativeWork\" ><div class='avia_textblock main_p_cont marg_top_20 max_width_720'  itemprop=\"text\" ><p>Das Hotel verf\u00fcgt \u00fcber:<\/p>\n<ul>\n<li>428 luxuri\u00f6se Zimmer und Suiten<\/li>\n<li>klassisches und modernes Design<\/li>\n<li>moderne 5 Sterne Annehmlichkeiten<\/li>\n<li>drei Executive Floors<\/li>\n<li>beeindruckende Ausblicke auf den Hafen<\/li>\n<li>einen privaten Jachthafen mit 30 Anlegepl\u00e4tzen &amp; Wassersportzentrum<\/li>\n<li>Swimmingpools im Au\u00dfen- und Innenbereich<\/li>\n<li>einen kleinen, privaten Sandstrand<\/li>\n<li>ein Gesundheits- &amp; Sch\u00f6nheitszentrum, Fitnessstudio und Spa<\/li>\n<li>sechs Gesch\u00e4fte f\u00fcr Speisen und Getr\u00e4nke (drei davon saisonal)<\/li>\n<li>14 flexible Veranstaltungsorte mit mehr als 4000 m<sup>2<\/sup><\/li>\n<li>und es befindet sich in der N\u00e4he des Mediterranean Conference Centre.<\/li>\n<\/ul>\n<\/div><\/section><\/div>\n\n<\/div><\/div><\/div><!-- close content main div --><\/div><\/div><div id='av_section_5'  class='avia-section av-av_section-69d67ba09b64d810dac306c1b8434e0f main_color avia-section-default avia-no-border-styling  avia-builder-el-15  el_after_av_section  el_before_av_section  padd_top_normal padd_bot_normal bg_blue home_gallery_cont avia-bg-style-scroll container_wrap fullsize'  ><div class='container av-section-cont-open' ><div class='template-page content  av-content-full alpha units'><div class='post-entry post-entry-type-page post-entry-2709'><div class='entry-content-wrapper clearfix'>\n\n<style type=\"text\/css\" data-created_by=\"avia_inline_auto\" id=\"style-css-av-av_heading-93991c13a6c282fb93a1faa975d84bd2\">\n#top .av-special-heading.av-av_heading-93991c13a6c282fb93a1faa975d84bd2{\npadding-bottom:0;\n}\nbody .av-special-heading.av-av_heading-93991c13a6c282fb93a1faa975d84bd2 .av-special-heading-tag .heading-char{\nfont-size:25px;\n}\n.av-special-heading.av-av_heading-93991c13a6c282fb93a1faa975d84bd2 .av-subheading{\nfont-size:15px;\n}\n<\/style>\n<div  class='av-special-heading av-av_heading-93991c13a6c282fb93a1faa975d84bd2 av-special-heading-h1 blockquote modern-quote  avia-builder-el-16  el_before_av_one_full  avia-builder-el-first  main_section_title no_marg_top'><h1 class='av-special-heading-tag'  itemprop=\"headline\"  >Eine unglaubliche Luxus hotel auf Malta.<\/h1><div class=\"special-heading-border\"><div class=\"special-heading-inner-border\"><\/div><\/div><\/div>\n\n<style type=\"text\/css\" data-created_by=\"avia_inline_auto\" id=\"style-css-av-av_one_full-7c9a9e032b12ad94aa2b2c90f122038f\">\n.flex_column.av-av_one_full-7c9a9e032b12ad94aa2b2c90f122038f{\n-webkit-border-radius:0px 0px 0px 0px;\n-moz-border-radius:0px 0px 0px 0px;\nborder-radius:0px 0px 0px 0px;\npadding:0px 0px 0px 0px;\n}\n<\/style>\n<div class='flex_column av-av_one_full-7c9a9e032b12ad94aa2b2c90f122038f av_one_full  avia-builder-el-17  el_after_av_heading  avia-builder-el-last  no_mobile_marg_bot first flex_column_div av-zero-column-padding '     ><section  class='av_textblock_section av-av_textblock-bcbd315e2f4c8f6d31250a21d7120569'  itemscope=\"itemscope\" itemtype=\"https:\/\/schema.org\/CreativeWork\" ><div class='avia_textblock main_p_cont marg_top_20 max_width_720'  itemprop=\"text\" ><p>Das 5 Sterne Hotel in Malta\u00a0wurde von G\u00e4sten auf der bekannten Website \u201eTripadvisor\u201c als \u201ek\u00f6niglich\u201c beschrieben, was daran lag, dass w\u00e4hrend ihres Aufenthalts auch der K\u00f6nig von Spanien, der auf Staatsbesuch in Malta war, im Hotel residierte. Auch die deutsche Kanzlerin Angela Merkel entschied sich k\u00fcrzlich f\u00fcr das Grand Hotel Excelsior Malta, als sie sich f\u00fcr einige Treffen mit der maltesischen Regierung auf den Inseln aufhielt. Das Team dieses maltesischen Luxushotels f\u00fchlt sich sehr geehrt, dass es die Gelegenheit erhielt, zum Erfolg dieser beiden wichtigen Besuche beizutragen. Dabei kam der Sicherheit des hohen Besuchs besondere Wichtigkeit zu, allerdings wurde auch Wert darauf gelegt, ihnen den Service und die Gastfreundschaft zu bieten, f\u00fcr die unser Luxus Hotel Malta bekannt ist. Die Mitarbeiter haben das Gef\u00fchl, dass ihnen eine wichtige Rolle dabei zukommt, den Ruf der Malteser als gastfreundliche Nation nicht nur zu best\u00e4tigen, sondern sogar zu \u00fcbertreffen. Die Tatsache, dass regelm\u00e4\u00dfig solche wichtigen Ereignisse stattfinden, ist Beweis daf\u00fcr, dass das Grand Hotel Excelsior Malta auch international Anerkennung bietet.<\/p>\n<p>Genie\u00dfen Sie w\u00e4hrend Ihres n\u00e4chsten Maltaurlaubs die gro\u00dfz\u00fcgige Gastfreundschaft und die beeindruckenden Ausblicke auf Meer, Garten oder Hafen von einer der warmen und einladenden Unterk\u00fcnfte des Grand Hotel Excelsior Malta. Lassen Sie sich in einer anspruchsvollen Umgebung verw\u00f6hnen und erfahren Sie, was ein Luxusurlaub auf Malta wirklich bietet.\u00a0<a href=\"https:\/\/gc.synxis.com\/rez.aspx?Hotel=26932&amp;Chain=10237&amp;template=rMLAEH&amp;shell=rMLAEH&amp;locale=en-US\" target=\"_blank\" rel=\"noopener\">Reservieren Sie online zu Sonderkonditionen<\/a>.<\/p>\n<\/div><\/section><\/div>\n\n<\/div><\/div><\/div><!-- close content main div --><\/div><\/div><div id='av_section_6'  class='avia-section av-av_section-edaa1f853e42157137ddd615a280be2f main_color avia-section-default avia-no-border-styling  avia-builder-el-19  el_after_av_section  avia-builder-el-last  no_padd_bot no_mobile_marg_bot avia-bg-style-scroll container_wrap fullsize'  ><div class='container av-section-cont-open' ><div class='template-page content  av-content-full alpha units'><div class='post-entry post-entry-type-page post-entry-2709'><div class='entry-content-wrapper clearfix'>\n\n<style type=\"text\/css\" data-created_by=\"avia_inline_auto\" id=\"style-css-av-av_one_full-2bad1343ae873cecdc9f8cbc5bff00f3\">\n.flex_column.av-av_one_full-2bad1343ae873cecdc9f8cbc5bff00f3{\nbackground:url(https:\/\/excelsior.com.mt\/wp-content\/uploads\/2023\/12\/restaurant_ocean_view.webp) 50% 50% no-repeat scroll ;\n}\n<\/style>\n<div class='flex_column av-av_one_full-2bad1343ae873cecdc9f8cbc5bff00f3 av_one_full  avia-builder-el-20  avia-builder-el-no-sibling  no_mobile_marg_bot first flex_column_div avia-full-stretch '     ><\/div>\n\n","protected":false},"excerpt":{"rendered":"","protected":false},"author":1,"featured_media":0,"parent":0,"menu_order":0,"comment_status":"closed","ping_status":"closed","template":"","meta":{"_acf_changed":false,"inline_featured_image":false,"footnotes":""},"class_list":["post-2709","page","type-page","status-publish","hentry"],"acf":[],"yoast_head":"<!-- This site is optimized with the Yoast SEO plugin v25.7 - https:\/\/yoast.com\/wordpress\/plugins\/seo\/ -->\n<title>Home - Grand Hotel Excelsior Malta<\/title>\n<meta name=\"robots\" content=\"index, follow, max-snippet:-1, max-image-preview:large, max-video-preview:-1\" \/>\n<link rel=\"canonical\" href=\"https:\/\/excelsior.com.mt\/de\/home\/\" \/>\n<meta property=\"og:locale\" content=\"de_DE\" \/>\n<meta property=\"og:type\" content=\"article\" \/>\n<meta property=\"og:title\" content=\"Home - Grand Hotel Excelsior Malta\" \/>\n<meta property=\"og:url\" content=\"https:\/\/excelsior.com.mt\/de\/home\/\" \/>\n<meta property=\"og:site_name\" content=\"Grand Hotel Excelsior Malta\" \/>\n<meta property=\"article:modified_time\" content=\"2025-07-21T08:41:43+00:00\" \/>\n<meta property=\"og:image\" content=\"https:\/\/excelsior.com.mt\/wp-content\/uploads\/2024\/02\/ghe.jpg\" \/>\n\t<meta property=\"og:image:width\" content=\"800\" \/>\n\t<meta property=\"og:image:height\" content=\"517\" \/>\n\t<meta property=\"og:image:type\" content=\"image\/jpeg\" \/>\n<meta name=\"twitter:card\" content=\"summary_large_image\" \/>\n<meta name=\"twitter:label1\" content=\"Gesch\u00e4tzte Lesezeit\" \/>\n\t<meta name=\"twitter:data1\" content=\"3\u00a0Minuten\" \/>\n<script type=\"application\/ld+json\" class=\"yoast-schema-graph\">{\"@context\":\"https:\/\/schema.org\",\"@graph\":[{\"@type\":\"WebPage\",\"@id\":\"https:\/\/excelsior.com.mt\/de\/home\/\",\"url\":\"https:\/\/excelsior.com.mt\/de\/home\/\",\"name\":\"Home - Grand Hotel Excelsior Malta\",\"isPartOf\":{\"@id\":\"https:\/\/excelsior.com.mt\/#website\"},\"datePublished\":\"2020-04-10T15:41:48+00:00\",\"dateModified\":\"2025-07-21T08:41:43+00:00\",\"breadcrumb\":{\"@id\":\"https:\/\/excelsior.com.mt\/de\/home\/#breadcrumb\"},\"inLanguage\":\"de\",\"potentialAction\":[{\"@type\":\"ReadAction\",\"target\":[\"https:\/\/excelsior.com.mt\/de\/home\/\"]}]},{\"@type\":\"BreadcrumbList\",\"@id\":\"https:\/\/excelsior.com.mt\/de\/home\/#breadcrumb\",\"itemListElement\":[{\"@type\":\"ListItem\",\"position\":1,\"name\":\"Home\",\"item\":\"https:\/\/excelsior.com.mt\/de\/home\/\"},{\"@type\":\"ListItem\",\"position\":2,\"name\":\"Home\"}]},{\"@type\":\"WebSite\",\"@id\":\"https:\/\/excelsior.com.mt\/#website\",\"url\":\"https:\/\/excelsior.com.mt\/\",\"name\":\"Grand Hotel Excelsior Malta\",\"description\":\"Nestled in the heart of Floriana, and only a stone\u2019s throw away from the capital city of Malta, Valletta, the Grand Hotel Excelsior stands as an epitome of timeless elegance and sophistication.\",\"potentialAction\":[{\"@type\":\"SearchAction\",\"target\":{\"@type\":\"EntryPoint\",\"urlTemplate\":\"https:\/\/excelsior.com.mt\/?s={search_term_string}\"},\"query-input\":{\"@type\":\"PropertyValueSpecification\",\"valueRequired\":true,\"valueName\":\"search_term_string\"}}],\"inLanguage\":\"de\"}]}<\/script>\n<!-- \/ Yoast SEO plugin. -->","yoast_head_json":{"title":"Home - Grand Hotel Excelsior Malta","robots":{"index":"index","follow":"follow","max-snippet":"max-snippet:-1","max-image-preview":"max-image-preview:large","max-video-preview":"max-video-preview:-1"},"canonical":"https:\/\/excelsior.com.mt\/de\/home\/","og_locale":"de_DE","og_type":"article","og_title":"Home - Grand Hotel Excelsior Malta","og_url":"https:\/\/excelsior.com.mt\/de\/home\/","og_site_name":"Grand Hotel Excelsior Malta","article_modified_time":"2025-07-21T08:41:43+00:00","og_image":[{"width":800,"height":517,"url":"https:\/\/excelsior.com.mt\/wp-content\/uploads\/2024\/02\/ghe.jpg","type":"image\/jpeg"}],"twitter_card":"summary_large_image","twitter_misc":{"Gesch\u00e4tzte Lesezeit":"3\u00a0Minuten"},"schema":{"@context":"https:\/\/schema.org","@graph":[{"@type":"WebPage","@id":"https:\/\/excelsior.com.mt\/de\/home\/","url":"https:\/\/excelsior.com.mt\/de\/home\/","name":"Home - Grand Hotel Excelsior Malta","isPartOf":{"@id":"https:\/\/excelsior.com.mt\/#website"},"datePublished":"2020-04-10T15:41:48+00:00","dateModified":"2025-07-21T08:41:43+00:00","breadcrumb":{"@id":"https:\/\/excelsior.com.mt\/de\/home\/#breadcrumb"},"inLanguage":"de","potentialAction":[{"@type":"ReadAction","target":["https:\/\/excelsior.com.mt\/de\/home\/"]}]},{"@type":"BreadcrumbList","@id":"https:\/\/excelsior.com.mt\/de\/home\/#breadcrumb","itemListElement":[{"@type":"ListItem","position":1,"name":"Home","item":"https:\/\/excelsior.com.mt\/de\/home\/"},{"@type":"ListItem","position":2,"name":"Home"}]},{"@type":"WebSite","@id":"https:\/\/excelsior.com.mt\/#website","url":"https:\/\/excelsior.com.mt\/","name":"Grand Hotel Excelsior Malta","description":"Nestled in the heart of Floriana, and only a stone\u2019s throw away from the capital city of Malta, Valletta, the Grand Hotel Excelsior stands as an epitome of timeless elegance and sophistication.","potentialAction":[{"@type":"SearchAction","target":{"@type":"EntryPoint","urlTemplate":"https:\/\/excelsior.com.mt\/?s={search_term_string}"},"query-input":{"@type":"PropertyValueSpecification","valueRequired":true,"valueName":"search_term_string"}}],"inLanguage":"de"}]}},"publishpress_future_action":{"enabled":false,"date":"2026-04-24 00:59:49","action":"change-status","newStatus":"draft","terms":[],"taxonomy":"translation_priority"},"publishpress_future_workflow_manual_trigger":{"enabledWorkflows":[]},"_links":{"self":[{"href":"https:\/\/excelsior.com.mt\/de\/wp-json\/wp\/v2\/pages\/2709","targetHints":{"allow":["GET"]}}],"collection":[{"href":"https:\/\/excelsior.com.mt\/de\/wp-json\/wp\/v2\/pages"}],"about":[{"href":"https:\/\/excelsior.com.mt\/de\/wp-json\/wp\/v2\/types\/page"}],"author":[{"embeddable":true,"href":"https:\/\/excelsior.com.mt\/de\/wp-json\/wp\/v2\/users\/1"}],"replies":[{"embeddable":true,"href":"https:\/\/excelsior.com.mt\/de\/wp-json\/wp\/v2\/comments?post=2709"}],"version-history":[{"count":5,"href":"https:\/\/excelsior.com.mt\/de\/wp-json\/wp\/v2\/pages\/2709\/revisions"}],"predecessor-version":[{"id":7183,"href":"https:\/\/excelsior.com.mt\/de\/wp-json\/wp\/v2\/pages\/2709\/revisions\/7183"}],"wp:attachment":[{"href":"https:\/\/excelsior.com.mt\/de\/wp-json\/wp\/v2\/media?parent=2709"}],"curies":[{"name":"wp","href":"https:\/\/api.w.org\/{rel}","templated":true}]}}